{"id":16665,"date":"2023-10-14T05:52:36","date_gmt":"2023-10-14T05:52:36","guid":{"rendered":"https:\/\/redtao.live\/?post_type=product&#038;p=16665"},"modified":"2024-05-28T22:23:03","modified_gmt":"2024-05-28T22:23:03","slug":"whitenmax-br800","status":"publish","type":"product","link":"https:\/\/www.monitex.com.tw\/es\/producto\/whitenmax-br800\/","title":{"rendered":"WhitenMAX BR800"},"content":{"rendered":"<div data-elementor-type=\"wp-post\" data-elementor-id=\"16665\" class=\"elementor elementor-16665\">\n\t\t\t\t\t\t<section class=\"elementor-section elementor-top-section elementor-element elementor-element-f76bd0d elementor-section-stretched elementor-section-content-bottom elementor-section-boxed elementor-section-height-default elementor-section-height-default wd-section-disabled\" data-id=\"f76bd0d\" data-element_type=\"section\" data-settings=\"{&quot;background_background&quot;:&quot;classic&quot;,&quot;stretch_section&quot;:&quot;section-stretched&quot;}\">\n\t\t\t\t\t\t<div class=\"elementor-container elementor-column-gap-default\">\n\t\t\t\t\t<div class=\"elementor-column elementor-col-50 elementor-top-column elementor-element elementor-element-59ea958 wd-animation-slide-from-left wd-animation-normal wd_delay_100\" data-id=\"59ea958\" data-element_type=\"column\">\n\t\t\t<div class=\"elementor-widget-wrap elementor-element-populated\">\n\t\t\t\t\t\t<div class=\"elementor-element elementor-element-00add34 elementor-widget elementor-widget-image\" data-id=\"00add34\" data-element_type=\"widget\" data-widget_type=\"image.default\">\n\t\t\t\t<div class=\"elementor-widget-container\">\n\t\t\t\t\t\t\t\t\t\t\t\t\t\t\t<img fetchpriority=\"high\" decoding=\"async\" width=\"536\" height=\"800\" src=\"https:\/\/www.monitex.com.tw\/wp-content\/uploads\/2023\/10\/batch_DSCF0047-536x800.png\" class=\"attachment-large size-large wp-image-16673\" alt=\"\" srcset=\"https:\/\/www.monitex.com.tw\/wp-content\/uploads\/2023\/10\/batch_DSCF0047-536x800.png 536w, https:\/\/www.monitex.com.tw\/wp-content\/uploads\/2023\/10\/batch_DSCF0047-201x300.png 201w, https:\/\/www.monitex.com.tw\/wp-content\/uploads\/2023\/10\/batch_DSCF0047-430x642.png 430w, https:\/\/www.monitex.com.tw\/wp-content\/uploads\/2023\/10\/batch_DSCF0047-150x224.png 150w, https:\/\/www.monitex.com.tw\/wp-content\/uploads\/2023\/10\/batch_DSCF0047.png 640w\" sizes=\"(max-width: 536px) 100vw, 536px\" \/>\t\t\t\t\t\t\t\t\t\t\t\t\t\t\t<\/div>\n\t\t\t\t<\/div>\n\t\t\t\t\t<\/div>\n\t\t<\/div>\n\t\t\t\t<div class=\"elementor-column elementor-col-50 elementor-top-column elementor-element elementor-element-7f8013f wd-animation-slide-from-right wd-animation-normal wd_delay_100 elementor-invisible\" data-id=\"7f8013f\" data-element_type=\"column\" data-settings=\"{&quot;animation&quot;:&quot;fadeInRight&quot;}\">\n\t\t\t<div class=\"elementor-widget-wrap elementor-element-populated\">\n\t\t\t\t\t\t<div class=\"elementor-element elementor-element-0cb8890 color-scheme-inherit text-left elementor-widget elementor-widget-text-editor\" data-id=\"0cb8890\" data-element_type=\"widget\" data-widget_type=\"text-editor.default\">\n\t\t\t\t<div class=\"elementor-widget-container\">\n\t\t\t\t\t\t\t\t\t<p>BR800<\/p>\t\t\t\t\t\t\t\t<\/div>\n\t\t\t\t<\/div>\n\t\t\t\t<div class=\"elementor-element elementor-element-64f4c84 color-scheme-inherit text-left elementor-widget elementor-widget-text-editor\" data-id=\"64f4c84\" data-element_type=\"widget\" data-widget_type=\"text-editor.default\">\n\t\t\t\t<div class=\"elementor-widget-container\">\n\t\t\t\t\t\t\t\t\t<p>Blanqueadora dental Profesional<\/p>\t\t\t\t\t\t\t\t<\/div>\n\t\t\t\t<\/div>\n\t\t\t\t<div class=\"elementor-element elementor-element-2b984d5 elementor-widget elementor-widget-heading\" data-id=\"2b984d5\" data-element_type=\"widget\" data-widget_type=\"heading.default\">\n\t\t\t\t<div class=\"elementor-widget-container\">\n\t\t\t\t\t<h2 class=\"elementor-heading-title elementor-size-default\">Whiten MAX\n<\/h2>\t\t\t\t<\/div>\n\t\t\t\t<\/div>\n\t\t\t\t<div class=\"elementor-element elementor-element-fcf6dba color-scheme-inherit text-left elementor-widget elementor-widget-text-editor\" data-id=\"fcf6dba\" data-element_type=\"widget\" data-widget_type=\"text-editor.default\">\n\t\t\t\t<div class=\"elementor-widget-container\">\n\t\t\t\t\t\t\t\t\t<p class=\" translation-block\">La unidad de blanqueamiento dental profesional\nWhiteMAX BR800 est\u00e1 equipada con 5 potentes\nluces LED de doble espectro que proporcionan\ntratamientos de blanqueamiento ecaces en minutos.\nEl dise\u00f1o m\u00f3vil y aerodin\u00e1mico de la unidad\npermite un c\u00f3modo tratamiento junto al sill\u00f3n\npara los pacientes y se integra armoniosamente\nen la cl\u00ednica.<\/p>\t\t\t\t\t\t\t\t<\/div>\n\t\t\t\t<\/div>\n\t\t\t\t<div class=\"elementor-element elementor-element-520c06e elementor-widget elementor-widget-image\" data-id=\"520c06e\" data-element_type=\"widget\" data-widget_type=\"image.default\">\n\t\t\t\t<div class=\"elementor-widget-container\">\n\t\t\t\t\t\t\t\t\t\t\t\t\t\t\t<img decoding=\"async\" width=\"1101\" height=\"146\" src=\"https:\/\/www.monitex.com.tw\/wp-content\/uploads\/2023\/10\/0609BR800-02.png\" class=\"attachment-large size-large wp-image-16671\" alt=\"\" srcset=\"https:\/\/www.monitex.com.tw\/wp-content\/uploads\/2023\/10\/0609BR800-02.png 1101w, https:\/\/www.monitex.com.tw\/wp-content\/uploads\/2023\/10\/0609BR800-02-400x53.png 400w, https:\/\/www.monitex.com.tw\/wp-content\/uploads\/2023\/10\/0609BR800-02-768x102.png 768w, https:\/\/www.monitex.com.tw\/wp-content\/uploads\/2023\/10\/0609BR800-02-860x114.png 860w, https:\/\/www.monitex.com.tw\/wp-content\/uploads\/2023\/10\/0609BR800-02-430x57.png 430w, https:\/\/www.monitex.com.tw\/wp-content\/uploads\/2023\/10\/0609BR800-02-700x93.png 700w, https:\/\/www.monitex.com.tw\/wp-content\/uploads\/2023\/10\/0609BR800-02-150x20.png 150w\" sizes=\"(max-width: 1101px) 100vw, 1101px\" \/>\t\t\t\t\t\t\t\t\t\t\t\t\t\t\t<\/div>\n\t\t\t\t<\/div>\n\t\t\t\t\t<\/div>\n\t\t<\/div>\n\t\t\t\t\t<\/div>\n\t\t<\/section>\n\t\t\t\t<section class=\"elementor-section elementor-top-section elementor-element elementor-element-09a07d6 elementor-section-full_width elementor-section-stretched elementor-section-height-default elementor-section-height-default wd-section-disabled\" data-id=\"09a07d6\" data-element_type=\"section\" data-settings=\"{&quot;stretch_section&quot;:&quot;section-stretched&quot;,&quot;background_background&quot;:&quot;classic&quot;}\">\n\t\t\t\t\t\t<div class=\"elementor-container elementor-column-gap-default\">\n\t\t\t\t\t<div class=\"elementor-column elementor-col-100 elementor-top-column elementor-element elementor-element-b82e514\" data-id=\"b82e514\" data-element_type=\"column\">\n\t\t\t<div class=\"elementor-widget-wrap elementor-element-populated\">\n\t\t\t\t\t\t<div class=\"elementor-element elementor-element-4fafbc7 elementor-widget elementor-widget-heading\" data-id=\"4fafbc7\" data-element_type=\"widget\" data-widget_type=\"heading.default\">\n\t\t\t\t<div class=\"elementor-widget-container\">\n\t\t\t\t\t<h2 class=\"elementor-heading-title elementor-size-default\">PIEZAS Y FUNCIONES<\/h2>\t\t\t\t<\/div>\n\t\t\t\t<\/div>\n\t\t\t\t\t<\/div>\n\t\t<\/div>\n\t\t\t\t\t<\/div>\n\t\t<\/section>\n\t\t\t\t<section class=\"elementor-section elementor-top-section elementor-element elementor-element-697ac30 elementor-section-boxed elementor-section-height-default elementor-section-height-default wd-section-disabled\" data-id=\"697ac30\" data-element_type=\"section\" data-settings=\"{&quot;background_background&quot;:&quot;classic&quot;}\">\n\t\t\t\t\t\t<div class=\"elementor-container elementor-column-gap-default\">\n\t\t\t\t\t<div class=\"elementor-column elementor-col-50 elementor-top-column elementor-element elementor-element-47083d2\" data-id=\"47083d2\" data-element_type=\"column\">\n\t\t\t<div class=\"elementor-widget-wrap elementor-element-populated\">\n\t\t\t\t\t\t<div class=\"elementor-element elementor-element-4f6494c elementor-position-left elementor-vertical-align-middle elementor-view-default elementor-mobile-position-top elementor-widget elementor-widget-icon-box\" data-id=\"4f6494c\" data-element_type=\"widget\" data-widget_type=\"icon-box.default\">\n\t\t\t\t<div class=\"elementor-widget-container\">\n\t\t\t\t\t\t\t<div class=\"elementor-icon-box-wrapper\">\n\n\t\t\t\t\t\t<div class=\"elementor-icon-box-icon\">\n\t\t\t\t<span  class=\"elementor-icon\">\n\t\t\t\t<i aria-hidden=\"true\" class=\"far fa-gem\"><\/i>\t\t\t\t<\/span>\n\t\t\t<\/div>\n\t\t\t\n\t\t\t\t\t\t<div class=\"elementor-icon-box-content\">\n\n\t\t\t\t\t\t\t\t\t<h3 class=\"elementor-icon-box-title\">\n\t\t\t\t\t\t<span  >\n\t\t\t\t\t\t\tDual-spectrum LED\t\t\t\t\t\t<\/span>\n\t\t\t\t\t<\/h3>\n\t\t\t\t\n\t\t\t\t\t\t\t\t\t<p class=\"elementor-icon-box-description\">\n\t\t\t\t\t\tLED de doble espectro (4 azules y 1 rojo)\npara activar diferentes tipos de materiales\nblanqueadores de dientes.\t\t\t\t\t<\/p>\n\t\t\t\t\n\t\t\t<\/div>\n\t\t\t\n\t\t<\/div>\n\t\t\t\t\t\t<\/div>\n\t\t\t\t<\/div>\n\t\t\t\t<div class=\"elementor-element elementor-element-26fb2fe elementor-position-left elementor-vertical-align-middle elementor-view-default elementor-mobile-position-top elementor-widget elementor-widget-icon-box\" data-id=\"26fb2fe\" data-element_type=\"widget\" data-widget_type=\"icon-box.default\">\n\t\t\t\t<div class=\"elementor-widget-container\">\n\t\t\t\t\t\t\t<div class=\"elementor-icon-box-wrapper\">\n\n\t\t\t\t\t\t<div class=\"elementor-icon-box-icon\">\n\t\t\t\t<span  class=\"elementor-icon\">\n\t\t\t\t<i aria-hidden=\"true\" class=\"far fa-gem\"><\/i>\t\t\t\t<\/span>\n\t\t\t<\/div>\n\t\t\t\n\t\t\t\t\t\t<div class=\"elementor-icon-box-content\">\n\n\t\t\t\t\t\t\t\t\t<h3 class=\"elementor-icon-box-title\">\n\t\t\t\t\t\t<span  >\n\t\t\t\t\t\t\tchair-side treatment\t\t\t\t\t\t<\/span>\n\t\t\t\t\t<\/h3>\n\t\t\t\t\n\t\t\t\t\t\t\t\t\t<p class=\"elementor-icon-box-description\">\n\t\t\t\t\t\tAlta movilidad para tratamientos en el sill\u00f3n.\t\t\t\t\t<\/p>\n\t\t\t\t\n\t\t\t<\/div>\n\t\t\t\n\t\t<\/div>\n\t\t\t\t\t\t<\/div>\n\t\t\t\t<\/div>\n\t\t\t\t<div class=\"elementor-element elementor-element-b39f5c5 elementor-position-left elementor-vertical-align-middle elementor-view-default elementor-mobile-position-top elementor-widget elementor-widget-icon-box\" data-id=\"b39f5c5\" data-element_type=\"widget\" data-widget_type=\"icon-box.default\">\n\t\t\t\t<div class=\"elementor-widget-container\">\n\t\t\t\t\t\t\t<div class=\"elementor-icon-box-wrapper\">\n\n\t\t\t\t\t\t<div class=\"elementor-icon-box-icon\">\n\t\t\t\t<span  class=\"elementor-icon\">\n\t\t\t\t<i aria-hidden=\"true\" class=\"far fa-gem\"><\/i>\t\t\t\t<\/span>\n\t\t\t<\/div>\n\t\t\t\n\t\t\t\t\t\t<div class=\"elementor-icon-box-content\">\n\n\t\t\t\t\t\t\t\t\t<h3 class=\"elementor-icon-box-title\">\n\t\t\t\t\t\t<span  >\n\t\t\t\t\t\t\tEffective whitening \t\t\t\t\t\t<\/span>\n\t\t\t\t\t<\/h3>\n\t\t\t\t\n\t\t\t\t\t\t\t\t\t<p class=\"elementor-icon-box-description\">\n\t\t\t\t\t\tBrazo extensible ajustable y l\u00e1mpara blanqueadora para cubrir todos los \u00e1ngulos de tratamiento y garantizar la comodidad del paciente.\nLa l\u00e1mpara blanqueadora curva permite una cobertura total de la l\u00ednea de la sonrisa.\t\t\t\t\t<\/p>\n\t\t\t\t\n\t\t\t<\/div>\n\t\t\t\n\t\t<\/div>\n\t\t\t\t\t\t<\/div>\n\t\t\t\t<\/div>\n\t\t\t\t\t<\/div>\n\t\t<\/div>\n\t\t\t\t<div class=\"elementor-column elementor-col-50 elementor-top-column elementor-element elementor-element-68f282e\" data-id=\"68f282e\" data-element_type=\"column\">\n\t\t\t<div class=\"elementor-widget-wrap elementor-element-populated\">\n\t\t\t\t\t\t<div class=\"elementor-element elementor-element-9cf2398 elementor-widget elementor-widget-image\" data-id=\"9cf2398\" data-element_type=\"widget\" data-widget_type=\"image.default\">\n\t\t\t\t<div class=\"elementor-widget-container\">\n\t\t\t\t\t\t\t\t\t\t\t\t\t\t\t<img decoding=\"async\" width=\"536\" height=\"800\" src=\"https:\/\/www.monitex.com.tw\/wp-content\/uploads\/2023\/10\/batch_DSCF004-536x800.png\" class=\"attachment-large size-large wp-image-16674\" alt=\"\" srcset=\"https:\/\/www.monitex.com.tw\/wp-content\/uploads\/2023\/10\/batch_DSCF004-536x800.png 536w, https:\/\/www.monitex.com.tw\/wp-content\/uploads\/2023\/10\/batch_DSCF004-201x300.png 201w, https:\/\/www.monitex.com.tw\/wp-content\/uploads\/2023\/10\/batch_DSCF004-430x642.png 430w, https:\/\/www.monitex.com.tw\/wp-content\/uploads\/2023\/10\/batch_DSCF004-150x224.png 150w, https:\/\/www.monitex.com.tw\/wp-content\/uploads\/2023\/10\/batch_DSCF004.png 640w\" sizes=\"(max-width: 536px) 100vw, 536px\" \/>\t\t\t\t\t\t\t\t\t\t\t\t\t\t\t<\/div>\n\t\t\t\t<\/div>\n\t\t\t\t\t<\/div>\n\t\t<\/div>\n\t\t\t\t\t<\/div>\n\t\t<\/section>\n\t\t\t\t<section class=\"elementor-section elementor-top-section elementor-element elementor-element-f417d90 elementor-section-boxed elementor-section-height-default elementor-section-height-default wd-section-disabled\" data-id=\"f417d90\" data-element_type=\"section\">\n\t\t\t\t\t\t<div class=\"elementor-container elementor-column-gap-default\">\n\t\t\t\t\t<div class=\"elementor-column elementor-col-100 elementor-top-column elementor-element elementor-element-558fe54\" data-id=\"558fe54\" data-element_type=\"column\">\n\t\t\t<div class=\"elementor-widget-wrap elementor-element-populated\">\n\t\t\t\t\t\t<div class=\"elementor-element elementor-element-33b40b3 elementor-widget elementor-widget-image\" data-id=\"33b40b3\" data-element_type=\"widget\" data-widget_type=\"image.default\">\n\t\t\t\t<div class=\"elementor-widget-container\">\n\t\t\t\t\t\t\t\t\t\t\t\t\t\t\t<img loading=\"lazy\" decoding=\"async\" width=\"998\" height=\"800\" src=\"https:\/\/www.monitex.com.tw\/wp-content\/uploads\/2024\/06\/0302-BR800_imgs-0001-\u4e3b\u9ad4.jpg\" class=\"attachment-large size-large wp-image-16680\" alt=\"\" srcset=\"https:\/\/www.monitex.com.tw\/wp-content\/uploads\/2024\/06\/0302-BR800_imgs-0001-\u4e3b\u9ad4.jpg 788w, https:\/\/www.monitex.com.tw\/wp-content\/uploads\/2024\/06\/0302-BR800_imgs-0001-\u4e3b\u9ad4-300x300.jpg 300w, https:\/\/www.monitex.com.tw\/wp-content\/uploads\/2024\/06\/0302-BR800_imgs-0001-\u4e3b\u9ad4-150x150.jpg 150w, https:\/\/www.monitex.com.tw\/wp-content\/uploads\/2024\/06\/0302-BR800_imgs-0001-\u4e3b\u9ad4-768x768.jpg 768w, https:\/\/www.monitex.com.tw\/wp-content\/uploads\/2024\/06\/0302-BR800_imgs-0001-\u4e3b\u9ad4-12x12.jpg 12w, https:\/\/www.monitex.com.tw\/wp-content\/uploads\/2024\/06\/0302-BR800_imgs-0001-\u4e3b\u9ad4-430x430.jpg 430w, https:\/\/www.monitex.com.tw\/wp-content\/uploads\/2024\/06\/0302-BR800_imgs-0001-\u4e3b\u9ad4-700x700.jpg 700w\" sizes=\"(max-width: 998px) 100vw, 998px\" \/>\t\t\t\t\t\t\t\t\t\t\t\t\t\t\t<\/div>\n\t\t\t\t<\/div>\n\t\t\t\t<div class=\"elementor-element elementor-element-3cc9e6e elementor-widget elementor-widget-image\" data-id=\"3cc9e6e\" data-element_type=\"widget\" data-widget_type=\"image.default\">\n\t\t\t\t<div class=\"elementor-widget-container\">\n\t\t\t\t\t\t\t\t\t\t\t\t\t\t\t<img loading=\"lazy\" decoding=\"async\" width=\"1007\" height=\"800\" src=\"https:\/\/www.monitex.com.tw\/wp-content\/uploads\/2024\/06\/0302-BR800_imgs-000-\u9762\u677f.jpg\" class=\"attachment-large size-large wp-image-16678\" alt=\"\" srcset=\"https:\/\/www.monitex.com.tw\/wp-content\/uploads\/2024\/06\/0302-BR800_imgs-000-\u9762\u677f.jpg 848w, https:\/\/www.monitex.com.tw\/wp-content\/uploads\/2024\/06\/0302-BR800_imgs-000-\u9762\u677f-300x300.jpg 300w, https:\/\/www.monitex.com.tw\/wp-content\/uploads\/2024\/06\/0302-BR800_imgs-000-\u9762\u677f-800x800.jpg 800w, https:\/\/www.monitex.com.tw\/wp-content\/uploads\/2024\/06\/0302-BR800_imgs-000-\u9762\u677f-150x150.jpg 150w, https:\/\/www.monitex.com.tw\/wp-content\/uploads\/2024\/06\/0302-BR800_imgs-000-\u9762\u677f-768x768.jpg 768w, https:\/\/www.monitex.com.tw\/wp-content\/uploads\/2024\/06\/0302-BR800_imgs-000-\u9762\u677f-12x12.jpg 12w, https:\/\/www.monitex.com.tw\/wp-content\/uploads\/2024\/06\/0302-BR800_imgs-000-\u9762\u677f-430x430.jpg 430w, https:\/\/www.monitex.com.tw\/wp-content\/uploads\/2024\/06\/0302-BR800_imgs-000-\u9762\u677f-700x700.jpg 700w\" sizes=\"(max-width: 1007px) 100vw, 1007px\" \/>\t\t\t\t\t\t\t\t\t\t\t\t\t\t\t<\/div>\n\t\t\t\t<\/div>\n\t\t\t\t\t<\/div>\n\t\t<\/div>\n\t\t\t\t\t<\/div>\n\t\t<\/section>\n\t\t\t\t<section class=\"elementor-section elementor-top-section elementor-element elementor-element-15d0c5d elementor-section-boxed elementor-section-height-default elementor-section-height-default wd-section-disabled\" data-id=\"15d0c5d\" data-element_type=\"section\">\n\t\t\t\t\t\t<div class=\"elementor-container elementor-column-gap-default\">\n\t\t\t\t\t<div class=\"elementor-column elementor-col-100 elementor-top-column elementor-element elementor-element-931629d\" data-id=\"931629d\" data-element_type=\"column\">\n\t\t\t<div class=\"elementor-widget-wrap elementor-element-populated\">\n\t\t\t\t\t\t<div class=\"elementor-element elementor-element-0721150 elementor-widget elementor-widget-wd_table\" data-id=\"0721150\" data-element_type=\"widget\" data-widget_type=\"wd_table.default\">\n\t\t\t\t<div class=\"elementor-widget-container\">\n\t\t\t\t\t\t\t<div class=\"wd-el-table-wrap wd-reset-all-last\">\n\t\t\t<table class=\"wd-el-table\">\n\t\t\t\t\t\t\t\t\t<thead class=\"text-right\">\n\t\t\t\t\t\t\t\t\t\t\t\t\t\t\t\t\t\t\t\t\t\t\t\t\t\t\t\t\t\t<tr class=\"wd-table-row elementor-repeater-item-d6e7c1e\">\n\t\t\t\t\t\t\t\t\t\t\t\t\t\t\t\t\t\t\t\t\t\t\t\t\t\t\t<\/tr>\n\t\t\t\t\t<\/thead>\n\t\t\t\t\n\t\t\t\t<tbody class=\"text-left\">\n\t\t\t\t\t\t\t\t\t\t\t\t\t\t\t\t\t\t\t\t\t\t\t\t\t\t<tr class=\"wd-table-row elementor-repeater-item-bf2587d\">\n\t\t\t\t\t\t\t\t\t\t\t\t\t\t\t\t\t\t\t\t\t\t\t\t\t\t\t\t\t\t\t<td class=\"wd-table-cell elementor-repeater-item-fd7bbf9\" colspan=\"1\" rowspan=\"1\">\n\t\t\t\t\t\t\t<p>L\u00e1mpara LED<\/p>\t\t\t\t\t\t\t<\/td>\n\t\t\t\t\t\t\t\t\t\t\t\t\t\t\t\t\t\t\t\t\t\t\t\t<td class=\"wd-table-cell elementor-repeater-item-6c172a5\" colspan=\"1\" rowspan=\"1\">\n\t\t\t\t\t\t\t<p>3W (4 Azul LED &amp; 1 Rojo LED)<\/p>\t\t\t\t\t\t\t<\/td>\n\t\t\t\t\t\t\t\t\t\t\t\t\t\t\t\t\t\t\t\t\t\t\t\t\t\t\t\t\t\t\t\t<\/tr>\n\t\t\t\t\t\t\t\t<tr class=\"wd-table-row elementor-repeater-item-331b975\">\n\t\t\t\t\t\t\t\t\t\t\t\t\t\t\t\t\t\t\t\t\t\t\t\t\t\t\t\t\t\t\t<td class=\"wd-table-cell elementor-repeater-item-414eba6\" colspan=\"1\" rowspan=\"1\">\n\t\t\t\t\t\t\t<p>Rango de longitud de onda<\/p>\t\t\t\t\t\t\t<\/td>\n\t\t\t\t\t\t\t\t\t\t\t\t\t\t\t\t\t\t\t\t\t\t\t\t<td class=\"wd-table-cell elementor-repeater-item-e3314b2\" colspan=\"1\" rowspan=\"1\">\n\t\t\t\t\t\t\t<p>420~490 nm &amp; 620~630 nm<\/p>\t\t\t\t\t\t\t<\/td>\n\t\t\t\t\t\t\t\t\t\t\t\t\t\t\t\t\t\t\t\t\t\t\t\t\t\t\t\t\t\t\t\t<\/tr>\n\t\t\t\t\t\t\t\t<tr class=\"wd-table-row elementor-repeater-item-5144382\">\n\t\t\t\t\t\t\t\t\t\t\t\t\t\t\t\t\t\t\t\t\t\t\t\t\t\t\t\t\t\t\t<td class=\"wd-table-cell elementor-repeater-item-3ee0236\" colspan=\"1\" rowspan=\"1\">\n\t\t\t\t\t\t\t<p>Entrada de alimentaci\u00f3n<\/p>\t\t\t\t\t\t\t<\/td>\n\t\t\t\t\t\t\t\t\t\t\t\t\t\t\t\t\t\t\t\t\t\t\t\t<td class=\"wd-table-cell elementor-repeater-item-8da7330\" colspan=\"1\" rowspan=\"1\">\n\t\t\t\t\t\t\t<p>AC 100~240V, 50\/60 Hz<\/p>\t\t\t\t\t\t\t<\/td>\n\t\t\t\t\t\t\t\t\t\t\t\t\t\t\t\t\t\t\t\t\t\t\t\t\t\t\t\t\t\t\t\t<\/tr>\n\t\t\t\t\t\t\t\t<tr class=\"wd-table-row elementor-repeater-item-6e85425\">\n\t\t\t\t\t\t\t\t\t\t\t\t\t\t\t\t\t\t\t\t\t\t\t\t\t\t\t\t\t\t\t<td class=\"wd-table-cell elementor-repeater-item-18b0279\" colspan=\"1\" rowspan=\"1\">\n\t\t\t\t\t\t\t<p>Salida de alimentaci\u00f3n<\/p>\t\t\t\t\t\t\t<\/td>\n\t\t\t\t\t\t\t\t\t\t\t\t\t\t\t\t\t\t\t\t\t\t\t\t<td class=\"wd-table-cell elementor-repeater-item-81023de\" colspan=\"1\" rowspan=\"1\">\n\t\t\t\t\t\t\t<p>DC 24V --- 1.5A<\/p>\t\t\t\t\t\t\t<\/td>\n\t\t\t\t\t\t\t\t\t\t\t\t\t\t\t\t\t\t\t\t\t\t\t\t\t\t\t\t\t\t\t\t<\/tr>\n\t\t\t\t\t\t\t\t<tr class=\"wd-table-row elementor-repeater-item-feeb1b3\">\n\t\t\t\t\t\t\t\t\t\t\t\t\t\t\t\t\t\t\t\t\t\t\t\t\t\t\t\t\t\t\t<td class=\"wd-table-cell elementor-repeater-item-de00046\" colspan=\"1\" rowspan=\"1\">\n\t\t\t\t\t\t\t<p>Peso neto<\/p>\t\t\t\t\t\t\t<\/td>\n\t\t\t\t\t\t\t\t\t\t\t\t\t\t\t\t\t\t\t\t\t\t\t\t<td class=\"wd-table-cell elementor-repeater-item-ecd82c8\" colspan=\"1\" rowspan=\"1\">\n\t\t\t\t\t\t\t<p>9.4 kg<\/p>\t\t\t\t\t\t\t<\/td>\n\t\t\t\t\t\t\t\t\t\t\t\t\t\t\t\t\t\t\t\t\t\t\t\t\t\t\t\t\t\t\t\t<\/tr>\n\t\t\t\t\t\t\t\t<tr class=\"wd-table-row elementor-repeater-item-db51186\">\n\t\t\t\t\t\t\t\t\t\t\t\t\t\t\t\t\t\t\t\t\t\t\t\t\t\t\t\t\t\t\t<td class=\"wd-table-cell elementor-repeater-item-e8a0a19\" colspan=\"1\" rowspan=\"1\">\n\t\t\t\t\t\t\t<p>Lateral Arm Length<\/p>\t\t\t\t\t\t\t<\/td>\n\t\t\t\t\t\t\t\t\t\t\t\t\t\t\t\t\t\t\t\t\t\t\t\t<td class=\"wd-table-cell elementor-repeater-item-54ca30c\" colspan=\"1\" rowspan=\"1\">\n\t\t\t\t\t\t\t<p>960 mm<\/p>\t\t\t\t\t\t\t<\/td>\n\t\t\t\t\t\t\t\t\t\t\t\t\t\t\t\t\t\t\t\t\t\t\t\t\t\t\t\t\t\t\t\t<\/tr>\n\t\t\t\t\t\t\t\t<tr class=\"wd-table-row elementor-repeater-item-898cff2\">\n\t\t\t\t\t\t\t\t\t\t\t\t\t\t\t\t\t\t\t\t\t\t\t\t\t\t\t\t\t\t\t<td class=\"wd-table-cell elementor-repeater-item-b8bbb8e\" colspan=\"1\" rowspan=\"1\">\n\t\t\t\t\t\t\t<p>Total Height<\/p>\t\t\t\t\t\t\t<\/td>\n\t\t\t\t\t\t\t\t\t\t\t\t\t\t\t\t\t\t\t\t\t\t\t\t<td class=\"wd-table-cell elementor-repeater-item-8310756\" colspan=\"1\" rowspan=\"1\">\n\t\t\t\t\t\t\t<p>1245mm<\/p>\t\t\t\t\t\t\t<\/td>\n\t\t\t\t\t\t\t\t\t\t\t\t\t\t\t\t<\/tr>\n\t\t\t\t<\/tbody>\n\t\t\t<\/table>\n\t\t<\/div>\n\t\t\t\t\t\t<\/div>\n\t\t\t\t<\/div>\n\t\t\t\t\t<\/div>\n\t\t<\/div>\n\t\t\t\t\t<\/div>\n\t\t<\/section>\n\t\t\t\t<section class=\"elementor-section elementor-top-section elementor-element elementor-element-a869fee elementor-section-boxed elementor-section-height-default elementor-section-height-default wd-section-disabled\" data-id=\"a869fee\" data-element_type=\"section\">\n\t\t\t\t\t\t<div class=\"elementor-container elementor-column-gap-default\">\n\t\t\t\t\t<div class=\"elementor-column elementor-col-100 elementor-top-column elementor-element elementor-element-d6aac63\" data-id=\"d6aac63\" data-element_type=\"column\">\n\t\t\t<div class=\"elementor-widget-wrap elementor-element-populated\">\n\t\t\t\t\t\t<div class=\"elementor-element elementor-element-98b09d5 elementor-widget elementor-widget-image\" data-id=\"98b09d5\" data-element_type=\"widget\" data-widget_type=\"image.default\">\n\t\t\t\t<div class=\"elementor-widget-container\">\n\t\t\t\t\t\t\t\t\t\t\t\t\t\t\t<img loading=\"lazy\" decoding=\"async\" width=\"768\" height=\"102\" src=\"https:\/\/www.monitex.com.tw\/wp-content\/uploads\/2023\/10\/0609BR800-02-768x102.png\" class=\"attachment-medium_large size-medium_large wp-image-16671\" alt=\"\" srcset=\"https:\/\/www.monitex.com.tw\/wp-content\/uploads\/2023\/10\/0609BR800-02-768x102.png 768w, https:\/\/www.monitex.com.tw\/wp-content\/uploads\/2023\/10\/0609BR800-02-400x53.png 400w, https:\/\/www.monitex.com.tw\/wp-content\/uploads\/2023\/10\/0609BR800-02-860x114.png 860w, https:\/\/www.monitex.com.tw\/wp-content\/uploads\/2023\/10\/0609BR800-02-430x57.png 430w, https:\/\/www.monitex.com.tw\/wp-content\/uploads\/2023\/10\/0609BR800-02-700x93.png 700w, https:\/\/www.monitex.com.tw\/wp-content\/uploads\/2023\/10\/0609BR800-02-150x20.png 150w, https:\/\/www.monitex.com.tw\/wp-content\/uploads\/2023\/10\/0609BR800-02.png 1101w\" sizes=\"(max-width: 768px) 100vw, 768px\" \/>\t\t\t\t\t\t\t\t\t\t\t\t\t\t\t<\/div>\n\t\t\t\t<\/div>\n\t\t\t\t\t<\/div>\n\t\t<\/div>\n\t\t\t\t\t<\/div>\n\t\t<\/section>\n\t\t\t\t<\/div>","protected":false},"excerpt":{"rendered":"<p class=\" translation-block\">La unidad de blanqueamiento dental profesional WhiteMAX BR800 est\u00e1 equipada con 5 potentes luces LED\nde doble espectro que proporcionan tratamientos de blanqueamiento ecaces en minutos.\nEl dise\u00f1o m\u00f3vil y aerodin\u00e1mico de la unidad permite un c\u00f3modo tratamiento junto al sill\u00f3n para los\npacientes y se integra armoniosamente en la cl\u00ednica.<\/p>","protected":false},"featured_media":17731,"template":"","meta":[],"product_cat":[42],"product_tag":[],"class_list":{"0":"post-16665","1":"product","2":"type-product","3":"status-publish","4":"has-post-thumbnail","6":"product_cat-whitening-system","8":"first","9":"instock","10":"shipping-taxable","11":"product-type-simple"},"_links":{"self":[{"href":"https:\/\/www.monitex.com.tw\/es\/wp-json\/wp\/v2\/product\/16665","targetHints":{"allow":["GET"]}}],"collection":[{"href":"https:\/\/www.monitex.com.tw\/es\/wp-json\/wp\/v2\/product"}],"about":[{"href":"https:\/\/www.monitex.com.tw\/es\/wp-json\/wp\/v2\/types\/product"}],"version-history":[{"count":0,"href":"https:\/\/www.monitex.com.tw\/es\/wp-json\/wp\/v2\/product\/16665\/revisions"}],"wp:featuredmedia":[{"embeddable":true,"href":"https:\/\/www.monitex.com.tw\/es\/wp-json\/wp\/v2\/media\/17731"}],"wp:attachment":[{"href":"https:\/\/www.monitex.com.tw\/es\/wp-json\/wp\/v2\/media?parent=16665"}],"wp:term":[{"taxonomy":"product_cat","embeddable":true,"href":"https:\/\/www.monitex.com.tw\/es\/wp-json\/wp\/v2\/product_cat?post=16665"},{"taxonomy":"product_tag","embeddable":true,"href":"https:\/\/www.monitex.com.tw\/es\/wp-json\/wp\/v2\/product_tag?post=16665"}],"curies":[{"name":"wp","href":"https:\/\/api.w.org\/{rel}","templated":true}]}}