{"id":16976,"date":"2023-10-21T13:43:27","date_gmt":"2023-10-21T13:43:27","guid":{"rendered":"https:\/\/redtao.live\/?post_type=product&#038;p=16976"},"modified":"2024-06-27T05:52:54","modified_gmt":"2024-06-27T05:52:54","slug":"monicam-pm-one","status":"publish","type":"product","link":"https:\/\/www.monitex.com.tw\/es\/producto\/monicam-pm-one\/","title":{"rendered":"moniCAM PM-One"},"content":{"rendered":"<div data-elementor-type=\"wp-post\" data-elementor-id=\"16976\" class=\"elementor elementor-16976\">\n\t\t\t\t\t\t<section class=\"elementor-section elementor-top-section elementor-element elementor-element-f308b27 elementor-section-stretched elementor-section-boxed elementor-section-height-default elementor-section-height-default wd-section-disabled\" data-id=\"f308b27\" data-element_type=\"section\" data-settings=\"{&quot;background_background&quot;:&quot;classic&quot;,&quot;stretch_section&quot;:&quot;section-stretched&quot;}\">\n\t\t\t\t\t\t<div class=\"elementor-container elementor-column-gap-default\">\n\t\t\t\t\t<div class=\"elementor-column elementor-col-50 elementor-top-column elementor-element elementor-element-f1e41d1\" data-id=\"f1e41d1\" data-element_type=\"column\">\n\t\t\t<div class=\"elementor-widget-wrap elementor-element-populated\">\n\t\t\t\t\t\t<div class=\"elementor-element elementor-element-c309398 elementor-widget elementor-widget-image\" data-id=\"c309398\" data-element_type=\"widget\" data-widget_type=\"image.default\">\n\t\t\t\t<div class=\"elementor-widget-container\">\n\t\t\t\t\t\t\t\t\t\t\t\t\t\t\t<img fetchpriority=\"high\" decoding=\"async\" width=\"499\" height=\"499\" src=\"https:\/\/www.monitex.com.tw\/wp-content\/uploads\/2023\/10\/PM-ONE\u767d\u5e95_\u5de5\u4f5c\u5340\u57df_1_\u5de5\u4f5c\u5340\u57df_1_\u8907\u672c-removebg-preview.png\" class=\"attachment-large size-large wp-image-17993\" alt=\"\" srcset=\"https:\/\/www.monitex.com.tw\/wp-content\/uploads\/2023\/10\/PM-ONE\u767d\u5e95_\u5de5\u4f5c\u5340\u57df_1_\u5de5\u4f5c\u5340\u57df_1_\u8907\u672c-removebg-preview.png 499w, https:\/\/www.monitex.com.tw\/wp-content\/uploads\/2023\/10\/PM-ONE\u767d\u5e95_\u5de5\u4f5c\u5340\u57df_1_\u5de5\u4f5c\u5340\u57df_1_\u8907\u672c-removebg-preview-300x300.png 300w, https:\/\/www.monitex.com.tw\/wp-content\/uploads\/2023\/10\/PM-ONE\u767d\u5e95_\u5de5\u4f5c\u5340\u57df_1_\u5de5\u4f5c\u5340\u57df_1_\u8907\u672c-removebg-preview-150x150.png 150w, https:\/\/www.monitex.com.tw\/wp-content\/uploads\/2023\/10\/PM-ONE\u767d\u5e95_\u5de5\u4f5c\u5340\u57df_1_\u5de5\u4f5c\u5340\u57df_1_\u8907\u672c-removebg-preview-430x430.png 430w\" sizes=\"(max-width: 499px) 100vw, 499px\" \/>\t\t\t\t\t\t\t\t\t\t\t\t\t\t\t<\/div>\n\t\t\t\t<\/div>\n\t\t\t\t\t<\/div>\n\t\t<\/div>\n\t\t\t\t<div class=\"elementor-column elementor-col-50 elementor-top-column elementor-element elementor-element-44e106e elementor-invisible\" data-id=\"44e106e\" data-element_type=\"column\" data-settings=\"{&quot;animation&quot;:&quot;fadeInRight&quot;}\">\n\t\t\t<div class=\"elementor-widget-wrap elementor-element-populated\">\n\t\t\t\t\t\t<div class=\"elementor-element elementor-element-bc88d27 color-scheme-inherit text-left elementor-widget elementor-widget-text-editor\" data-id=\"bc88d27\" data-element_type=\"widget\" data-widget_type=\"text-editor.default\">\n\t\t\t\t<div class=\"elementor-widget-container\">\n\t\t\t\t\t\t\t\t\t<p>PM-One<\/p>\t\t\t\t\t\t\t\t<\/div>\n\t\t\t\t<\/div>\n\t\t\t\t<div class=\"elementor-element elementor-element-5b9d874 elementor-widget elementor-widget-heading\" data-id=\"5b9d874\" data-element_type=\"widget\" data-widget_type=\"heading.default\">\n\t\t\t\t<div class=\"elementor-widget-container\">\n\t\t\t\t\t<h2 class=\"elementor-heading-title elementor-size-default\">moniCAM<\/h2>\t\t\t\t<\/div>\n\t\t\t\t<\/div>\n\t\t\t\t<div class=\"elementor-element elementor-element-f30a3c2 color-scheme-inherit text-left elementor-widget elementor-widget-text-editor\" data-id=\"f30a3c2\" data-element_type=\"widget\" data-widget_type=\"text-editor.default\">\n\t\t\t\t<div class=\"elementor-widget-container\">\n\t\t\t\t\t\t\t\t\t<p class=\" translation-block\">Conozca la c\u00e1mara intraoral m\u00e1s nueva,\nm\u00e1s delgada y con la m\u00e1s alta tecnolog\u00eda,\nPM-One. Esta c\u00e1mara intraoral no solo se puede\nconectar directamente a tel\u00e9fonos inteligentes\ny tabletas usando su se\u00f1al WIFI incorporada,\nsino que tambi\u00e9n puede transmitir im\u00e1genes\nen vivo a una pantalla de TV a trav\u00e9s de un\ncable HDMI<\/p>\t\t\t\t\t\t\t\t<\/div>\n\t\t\t\t<\/div>\n\t\t\t\t\t<\/div>\n\t\t<\/div>\n\t\t\t\t\t<\/div>\n\t\t<\/section>\n\t\t\t\t<section class=\"elementor-section elementor-top-section elementor-element elementor-element-521ea85 elementor-section-boxed elementor-section-height-default elementor-section-height-default wd-section-disabled\" data-id=\"521ea85\" data-element_type=\"section\">\n\t\t\t\t\t\t<div class=\"elementor-container elementor-column-gap-default\">\n\t\t\t\t\t<div class=\"elementor-column elementor-col-100 elementor-top-column elementor-element elementor-element-7e09c2c\" data-id=\"7e09c2c\" data-element_type=\"column\">\n\t\t\t<div class=\"elementor-widget-wrap elementor-element-populated\">\n\t\t\t\t\t\t<div class=\"elementor-element elementor-element-90f6ee3 elementor-widget__width-initial elementor-widget elementor-widget-heading\" data-id=\"90f6ee3\" data-element_type=\"widget\" data-widget_type=\"heading.default\">\n\t\t\t\t<div class=\"elementor-widget-container\">\n\t\t\t\t\t<h2 class=\"elementor-heading-title elementor-size-default\">C\u00e1mara intraoral<\/h2>\t\t\t\t<\/div>\n\t\t\t\t<\/div>\n\t\t\t\t\t<\/div>\n\t\t<\/div>\n\t\t\t\t\t<\/div>\n\t\t<\/section>\n\t\t\t\t<section class=\"elementor-section elementor-top-section elementor-element elementor-element-7f1ed06 elementor-section-boxed elementor-section-height-default elementor-section-height-default wd-section-disabled\" data-id=\"7f1ed06\" data-element_type=\"section\">\n\t\t\t\t\t\t<div class=\"elementor-container elementor-column-gap-default\">\n\t\t\t\t\t<div class=\"elementor-column elementor-col-100 elementor-top-column elementor-element elementor-element-f41ca30\" data-id=\"f41ca30\" data-element_type=\"column\">\n\t\t\t<div class=\"elementor-widget-wrap elementor-element-populated\">\n\t\t\t\t\t\t<div class=\"elementor-element elementor-element-89697d8 elementor-widget elementor-widget-wd_text_block\" data-id=\"89697d8\" data-element_type=\"widget\" data-widget_type=\"wd_text_block.default\">\n\t\t\t\t<div class=\"elementor-widget-container\">\n\t\t\t\t\t\t\t<div class=\"wd-text-block reset-last-child text-center\">\n\t\t\t\n\t\t\t<p style=\"text-align: center;padding-left: 40px\" class=\" translation-block\">Guarde instant\u00e1neamente im\u00e1genes y videos Full HD en el dispositivo\nconectado o directamente en la tarjeta microSD.\nOtro aspecto destacado de PM-One es su funci\u00f3n QLF, que permite\nla detecci\u00f3n temprana de caries dentales y actividad de la placa.\nDisfrute de todas estas funciones durante hasta 2 horas de uso\nininterrumpido despu\u00e9s de una carga completa.<\/p>\n\t\t\t\t\t<\/div>\n\t\t\t\t\t\t<\/div>\n\t\t\t\t<\/div>\n\t\t\t\t\t<\/div>\n\t\t<\/div>\n\t\t\t\t\t<\/div>\n\t\t<\/section>\n\t\t\t\t<section class=\"elementor-section elementor-top-section elementor-element elementor-element-82742c5 elementor-section-boxed elementor-section-height-default elementor-section-height-default wd-section-disabled\" data-id=\"82742c5\" data-element_type=\"section\">\n\t\t\t\t\t\t<div class=\"elementor-container elementor-column-gap-default\">\n\t\t\t\t\t<div class=\"elementor-column elementor-col-100 elementor-top-column elementor-element elementor-element-a219aaf\" data-id=\"a219aaf\" data-element_type=\"column\">\n\t\t\t<div class=\"elementor-widget-wrap elementor-element-populated\">\n\t\t\t\t\t\t<div class=\"elementor-element elementor-element-782c8f7 elementor-widget elementor-widget-heading\" data-id=\"782c8f7\" data-element_type=\"widget\" data-widget_type=\"heading.default\">\n\t\t\t\t<div class=\"elementor-widget-container\">\n\t\t\t\t\t<h2 class=\"elementor-heading-title elementor-size-default\">PIEZAS Y FUNCIONES<\/h2>\t\t\t\t<\/div>\n\t\t\t\t<\/div>\n\t\t\t\t<div class=\"elementor-element elementor-element-332096b elementor-widget elementor-widget-wd_image_or_svg\" data-id=\"332096b\" data-element_type=\"widget\" data-widget_type=\"wd_image_or_svg.default\">\n\t\t\t\t<div class=\"elementor-widget-container\">\n\t\t\t\t\t\n\t\t<div class=\"wd-image text-left\">\n\t\t\t\t\t\t\t\t<img decoding=\"async\" width=\"1793\" height=\"1557\" src=\"https:\/\/www.monitex.com.tw\/wp-content\/uploads\/2024\/07\/0315-PM-One-MoniCAM-\u898f\u683c\u5716-1.jpg\" class=\"attachment-full size-full wp-image-18595\" alt=\"\" srcset=\"https:\/\/www.monitex.com.tw\/wp-content\/uploads\/2024\/07\/0315-PM-One-MoniCAM-\u898f\u683c\u5716-1.jpg 1000w, https:\/\/www.monitex.com.tw\/wp-content\/uploads\/2024\/07\/0315-PM-One-MoniCAM-\u898f\u683c\u5716-1-400x275.jpg 400w, https:\/\/www.monitex.com.tw\/wp-content\/uploads\/2024\/07\/0315-PM-One-MoniCAM-\u898f\u683c\u5716-1-768x528.jpg 768w, https:\/\/www.monitex.com.tw\/wp-content\/uploads\/2024\/07\/0315-PM-One-MoniCAM-\u898f\u683c\u5716-1-18x12.jpg 18w, https:\/\/www.monitex.com.tw\/wp-content\/uploads\/2024\/07\/0315-PM-One-MoniCAM-\u898f\u683c\u5716-1-860x591.jpg 860w, https:\/\/www.monitex.com.tw\/wp-content\/uploads\/2024\/07\/0315-PM-One-MoniCAM-\u898f\u683c\u5716-1-430x295.jpg 430w, https:\/\/www.monitex.com.tw\/wp-content\/uploads\/2024\/07\/0315-PM-One-MoniCAM-\u898f\u683c\u5716-1-700x481.jpg 700w, https:\/\/www.monitex.com.tw\/wp-content\/uploads\/2024\/07\/0315-PM-One-MoniCAM-\u898f\u683c\u5716-1-150x103.jpg 150w\" sizes=\"(max-width: 1793px) 100vw, 1793px\" \/>\t\t\t\t\t<\/div>\n\n\t\t\t\t\t\t<\/div>\n\t\t\t\t<\/div>\n\t\t\t\t\t<\/div>\n\t\t<\/div>\n\t\t\t\t\t<\/div>\n\t\t<\/section>\n\t\t\t\t<section class=\"elementor-section elementor-top-section elementor-element elementor-element-fe7bacf elementor-section-boxed elementor-section-height-default elementor-section-height-default wd-section-disabled\" data-id=\"fe7bacf\" data-element_type=\"section\">\n\t\t\t\t\t\t<div class=\"elementor-container elementor-column-gap-default\">\n\t\t\t\t\t<div class=\"elementor-column elementor-col-100 elementor-top-column elementor-element elementor-element-69576f6\" data-id=\"69576f6\" data-element_type=\"column\">\n\t\t\t<div class=\"elementor-widget-wrap elementor-element-populated\">\n\t\t\t\t\t\t<div class=\"elementor-element elementor-element-66fb8ab elementor-widget elementor-widget-heading\" data-id=\"66fb8ab\" data-element_type=\"widget\" data-widget_type=\"heading.default\">\n\t\t\t\t<div class=\"elementor-widget-container\">\n\t\t\t\t\t<h2 class=\"elementor-heading-title elementor-size-default\">Especicaci\u00f3n<\/h2>\t\t\t\t<\/div>\n\t\t\t\t<\/div>\n\t\t\t\t<div class=\"elementor-element elementor-element-65696de elementor-widget elementor-widget-wd_table\" data-id=\"65696de\" data-element_type=\"widget\" data-widget_type=\"wd_table.default\">\n\t\t\t\t<div class=\"elementor-widget-container\">\n\t\t\t\t\t\t\t<div class=\"wd-el-table-wrap wd-reset-all-last\">\n\t\t\t<table class=\"wd-el-table\">\n\t\t\t\t\t\t\t\t\t<thead class=\"text-right\">\n\t\t\t\t\t\t\t\t\t\t\t\t\t\t\t\t\t\t\t\t\t\t\t\t\t\t\t\t\t\t<tr class=\"wd-table-row elementor-repeater-item-d6e7c1e\">\n\t\t\t\t\t\t\t\t\t\t\t\t\t\t\t\t\t\t\t\t\t\t\t\t\t\t\t<\/tr>\n\t\t\t\t\t<\/thead>\n\t\t\t\t\n\t\t\t\t<tbody class=\"text-left\">\n\t\t\t\t\t\t\t\t\t\t\t\t\t\t\t\t\t\t\t\t\t\t\t\t\t\t<tr class=\"wd-table-row elementor-repeater-item-bf2587d\">\n\t\t\t\t\t\t\t\t\t\t\t\t\t\t\t\t\t\t\t\t\t\t\t\t\t\t\t\t\t\t\t<td class=\"wd-table-cell elementor-repeater-item-fd7bbf9\" colspan=\"1\" rowspan=\"1\">\n\t\t\t\t\t\t\t<p>P\u00edxeles de lente<\/p>\t\t\t\t\t\t\t<\/td>\n\t\t\t\t\t\t\t\t\t\t\t\t\t\t\t\t\t\t\t\t\t\t\t\t<td class=\"wd-table-cell elementor-repeater-item-6c172a5\" colspan=\"1\" rowspan=\"1\">\n\t\t\t\t\t\t\t<p>2 megapixels<\/p>\t\t\t\t\t\t\t<\/td>\n\t\t\t\t\t\t\t\t\t\t\t\t\t\t\t\t\t\t\t\t\t\t\t\t\t\t\t\t\t\t\t\t<\/tr>\n\t\t\t\t\t\t\t\t<tr class=\"wd-table-row elementor-repeater-item-331b975\">\n\t\t\t\t\t\t\t\t\t\t\t\t\t\t\t\t\t\t\t\t\t\t\t\t\t\t\t\t\t\t\t<td class=\"wd-table-cell elementor-repeater-item-414eba6\" colspan=\"1\" rowspan=\"1\">\n\t\t\t\t\t\t\t<p>Lente \u00f3ptico<\/p>\t\t\t\t\t\t\t<\/td>\n\t\t\t\t\t\t\t\t\t\t\t\t\t\t\t\t\t\t\t\t\t\t\t\t<td class=\"wd-table-cell elementor-repeater-item-e3314b2\" colspan=\"1\" rowspan=\"1\">\n\t\t\t\t\t\t\t<p>1\/4\" CMOS<\/p>\t\t\t\t\t\t\t<\/td>\n\t\t\t\t\t\t\t\t\t\t\t\t\t\t\t\t\t\t\t\t\t\t\t\t\t\t\t\t\t\t\t\t<\/tr>\n\t\t\t\t\t\t\t\t<tr class=\"wd-table-row elementor-repeater-item-5144382\">\n\t\t\t\t\t\t\t\t\t\t\t\t\t\t\t\t\t\t\t\t\t\t\t\t\t\t\t\t\t\t\t<td class=\"wd-table-cell elementor-repeater-item-3ee0236\" colspan=\"1\" rowspan=\"1\">\n\t\t\t\t\t\t\t<p>Balance de blanco<\/p>\t\t\t\t\t\t\t<\/td>\n\t\t\t\t\t\t\t\t\t\t\t\t\t\t\t\t\t\t\t\t\t\t\t\t<td class=\"wd-table-cell elementor-repeater-item-8da7330\" colspan=\"1\" rowspan=\"1\">\n\t\t\t\t\t\t\t<p>Auto<\/p>\t\t\t\t\t\t\t<\/td>\n\t\t\t\t\t\t\t\t\t\t\t\t\t\t\t\t\t\t\t\t\t\t\t\t\t\t\t\t\t\t\t\t<\/tr>\n\t\t\t\t\t\t\t\t<tr class=\"wd-table-row elementor-repeater-item-6e85425\">\n\t\t\t\t\t\t\t\t\t\t\t\t\t\t\t\t\t\t\t\t\t\t\t\t\t\t\t\t\t\t\t<td class=\"wd-table-cell elementor-repeater-item-18b0279\" colspan=\"1\" rowspan=\"1\">\n\t\t\t\t\t\t\t<p>Longitud Focal<\/p>\t\t\t\t\t\t\t<\/td>\n\t\t\t\t\t\t\t\t\t\t\t\t\t\t\t\t\t\t\t\t\t\t\t\t<td class=\"wd-table-cell elementor-repeater-item-81023de\" colspan=\"1\" rowspan=\"1\">\n\t\t\t\t\t\t\t<p>7~25 mm<\/p>\t\t\t\t\t\t\t<\/td>\n\t\t\t\t\t\t\t\t\t\t\t\t\t\t\t\t\t\t\t\t\t\t\t\t\t\t\t\t\t\t\t\t<\/tr>\n\t\t\t\t\t\t\t\t<tr class=\"wd-table-row elementor-repeater-item-feeb1b3\">\n\t\t\t\t\t\t\t\t\t\t\t\t\t\t\t\t\t\t\t\t\t\t\t\t\t\t\t\t\t\t\t<td class=\"wd-table-cell elementor-repeater-item-e8a0a19\" colspan=\"1\" rowspan=\"1\">\n\t\t\t\t\t\t\t<p>Fuente luminosa<\/p>\t\t\t\t\t\t\t<\/td>\n\t\t\t\t\t\t\t\t\t\t\t\t\t\t\t\t\t\t\t\t\t\t\t\t<td class=\"wd-table-cell elementor-repeater-item-54ca30c\" colspan=\"1\" rowspan=\"1\">\n\t\t\t\t\t\t\t<p>2 white LED &amp; 4 UV LED<\/p>\t\t\t\t\t\t\t<\/td>\n\t\t\t\t\t\t\t\t\t\t\t\t\t\t\t\t\t\t\t\t\t\t\t\t\t\t\t\t\t\t\t\t<\/tr>\n\t\t\t\t\t\t\t\t<tr class=\"wd-table-row elementor-repeater-item-898cff2\">\n\t\t\t\t\t\t\t\t\t\t\t\t\t\t\t\t\t\t\t\t\t\t\t\t\t\t\t\t\t\t\t<td class=\"wd-table-cell elementor-repeater-item-b8bbb8e\" colspan=\"1\" rowspan=\"1\">\n\t\t\t\t\t\t\t<p>Salida de imagen<\/p>\t\t\t\t\t\t\t<\/td>\n\t\t\t\t\t\t\t\t\t\t\t\t\t\t\t\t\t\t\t\t\t\t\t\t<td class=\"wd-table-cell elementor-repeater-item-8310756\" colspan=\"1\" rowspan=\"1\">\n\t\t\t\t\t\t\t<p>HDMI, USB, microSD<\/p>\t\t\t\t\t\t\t<\/td>\n\t\t\t\t\t\t\t\t\t\t\t\t\t\t\t\t\t\t\t\t\t\t\t\t\t\t\t\t\t\t\t\t<\/tr>\n\t\t\t\t\t\t\t\t<tr class=\"wd-table-row elementor-repeater-item-db95aa4\">\n\t\t\t\t\t\t\t\t\t\t\t\t\t\t\t\t\t\t\t\t\t\t\t\t\t\t\t\t\t\t\t<td class=\"wd-table-cell elementor-repeater-item-fce0638\" colspan=\"1\" rowspan=\"1\">\n\t\t\t\t\t\t\t<p>Dimensiones de la pieza de mano<\/p>\t\t\t\t\t\t\t<\/td>\n\t\t\t\t\t\t\t\t\t\t\t\t\t\t\t\t\t\t\t\t\t\t\t\t<td class=\"wd-table-cell elementor-repeater-item-bd973f8\" colspan=\"1\" rowspan=\"1\">\n\t\t\t\t\t\t\t<p>215(largo) x 25.2(ancho) x 26.8(alto) mm<\/p>\t\t\t\t\t\t\t<\/td>\n\t\t\t\t\t\t\t\t\t\t\t\t\t\t\t\t\t\t\t\t\t\t\t\t\t\t\t\t\t\t\t\t<\/tr>\n\t\t\t\t\t\t\t\t<tr class=\"wd-table-row elementor-repeater-item-db51186\">\n\t\t\t\t\t\t\t\t\t\t\t\t\t\t\t\t\t\t\t\t\t\t\t\t\t\t\t\t\t\t\t<td class=\"wd-table-cell elementor-repeater-item-00aed22\" colspan=\"1\" rowspan=\"1\">\n\t\t\t\t\t\t\t<p>Peso de la pieza de mano<\/p>\t\t\t\t\t\t\t<\/td>\n\t\t\t\t\t\t\t\t\t\t\t\t\t\t\t\t\t\t\t\t\t\t\t\t<td class=\"wd-table-cell elementor-repeater-item-4bf72d0\" colspan=\"1\" rowspan=\"1\">\n\t\t\t\t\t\t\t<p>98.5 g<\/p>\t\t\t\t\t\t\t<\/td>\n\t\t\t\t\t\t\t\t\t\t\t\t\t\t\t\t\t\t\t\t\t\t\t\t\t\t\t\t\t\t\t\t<\/tr>\n\t\t\t\t\t\t\t\t<tr class=\"wd-table-row elementor-repeater-item-eb2cc95\">\n\t\t\t\t\t\t\t\t\t\t\t\t\t\t\t\t\t\t\t\t\t\t\t\t\t\t\t\t\t\t\t<td class=\"wd-table-cell elementor-repeater-item-af0785f\" colspan=\"1\" rowspan=\"1\">\n\t\t\t\t\t\t\t<p>Dimensiones de la base del cargador<\/p>\t\t\t\t\t\t\t<\/td>\n\t\t\t\t\t\t\t\t\t\t\t\t\t\t\t\t\t\t\t\t\t\t\t\t<td class=\"wd-table-cell elementor-repeater-item-a12d55c\" colspan=\"1\" rowspan=\"1\">\n\t\t\t\t\t\t\t<p>64(largo) x 62.5(ancho) x 56(alto) mm<\/p>\t\t\t\t\t\t\t<\/td>\n\t\t\t\t\t\t\t\t\t\t\t\t\t\t\t\t\t\t\t\t\t\t\t\t\t\t\t\t\t\t\t\t<\/tr>\n\t\t\t\t\t\t\t\t<tr class=\"wd-table-row elementor-repeater-item-d5fc1fb\">\n\t\t\t\t\t\t\t\t\t\t\t\t\t\t\t\t\t\t\t\t\t\t\t\t\t\t\t\t\t\t\t<td class=\"wd-table-cell elementor-repeater-item-6360882\" colspan=\"1\" rowspan=\"1\">\n\t\t\t\t\t\t\t<p>Peso de la base del cargador<\/p>\t\t\t\t\t\t\t<\/td>\n\t\t\t\t\t\t\t\t\t\t\t\t\t\t\t\t\t\t\t\t\t\t\t\t<td class=\"wd-table-cell elementor-repeater-item-c3281ee\" colspan=\"1\" rowspan=\"1\">\n\t\t\t\t\t\t\t<p>187 g<\/p>\t\t\t\t\t\t\t<\/td>\n\t\t\t\t\t\t\t\t\t\t\t\t\t\t\t\t\t\t\t\t\t\t\t\t\t\t\t\t\t\t\t\t<\/tr>\n\t\t\t\t\t\t\t\t<tr class=\"wd-table-row elementor-repeater-item-27c6db0\">\n\t\t\t\t\t\t\t\t\t\t\t\t\t\t\t\t\t\t\t\t\t\t\t\t\t\t\t\t\t\t\t<td class=\"wd-table-cell elementor-repeater-item-3fdf45b\" colspan=\"1\" rowspan=\"1\">\n\t\t\t\t\t\t\t<p>Entrada de alimentaci\u00f3n<\/p>\t\t\t\t\t\t\t<\/td>\n\t\t\t\t\t\t\t\t\t\t\t\t\t\t\t\t\t\t\t\t\t\t\t\t<td class=\"wd-table-cell elementor-repeater-item-aff4fb6\" colspan=\"1\" rowspan=\"1\">\n\t\t\t\t\t\t\t<p>AC 100~240V, 50\/60 Hz<\/p>\t\t\t\t\t\t\t<\/td>\n\t\t\t\t\t\t\t\t\t\t\t\t\t\t\t\t\t\t\t\t\t\t\t\t\t\t\t\t\t\t\t\t<\/tr>\n\t\t\t\t\t\t\t\t<tr class=\"wd-table-row elementor-repeater-item-5e754b9\">\n\t\t\t\t\t\t\t\t\t\t\t\t\t\t\t\t\t\t\t\t\t\t\t\t\t\t\t\t\t\t\t<td class=\"wd-table-cell elementor-repeater-item-8ed4bcf\" colspan=\"1\" rowspan=\"1\">\n\t\t\t\t\t\t\t<p>Salida de alimentaci\u00f3n<\/p>\t\t\t\t\t\t\t<\/td>\n\t\t\t\t\t\t\t\t\t\t\t\t\t\t\t\t\t\t\t\t\t\t\t\t<td class=\"wd-table-cell elementor-repeater-item-6a80057\" colspan=\"1\" rowspan=\"1\">\n\t\t\t\t\t\t\t<p>DC 5V---1A<\/p>\t\t\t\t\t\t\t<\/td>\n\t\t\t\t\t\t\t\t\t\t\t\t\t\t\t\t<\/tr>\n\t\t\t\t<\/tbody>\n\t\t\t<\/table>\n\t\t<\/div>\n\t\t\t\t\t\t<\/div>\n\t\t\t\t<\/div>\n\t\t\t\t\t<\/div>\n\t\t<\/div>\n\t\t\t\t\t<\/div>\n\t\t<\/section>\n\t\t\t\t<section class=\"elementor-section elementor-top-section elementor-element elementor-element-58d62e0 elementor-section-boxed elementor-section-height-default elementor-section-height-default wd-section-disabled\" data-id=\"58d62e0\" data-element_type=\"section\">\n\t\t\t\t\t\t<div class=\"elementor-container elementor-column-gap-default\">\n\t\t\t\t\t<div class=\"elementor-column elementor-col-100 elementor-top-column elementor-element elementor-element-9d55a4f\" data-id=\"9d55a4f\" data-element_type=\"column\">\n\t\t\t<div class=\"elementor-widget-wrap elementor-element-populated\">\n\t\t\t\t\t\t<div class=\"elementor-element elementor-element-a0d2812 elementor-widget elementor-widget-wd_image_or_svg\" data-id=\"a0d2812\" data-element_type=\"widget\" data-widget_type=\"wd_image_or_svg.default\">\n\t\t\t\t<div class=\"elementor-widget-container\">\n\t\t\t\t\t\n\t\t<div class=\"wd-image text-center\">\n\t\t\t\t\t\t\t\t<img decoding=\"async\" width=\"563\" height=\"75\" src=\"https:\/\/www.monitex.com.tw\/wp-content\/uploads\/2023\/10\/P58-59-PM-One-02.jpg\" class=\"attachment-2048x2048 size-2048x2048 wp-image-16982\" alt=\"\" srcset=\"https:\/\/www.monitex.com.tw\/wp-content\/uploads\/2023\/10\/P58-59-PM-One-02.jpg 563w, https:\/\/www.monitex.com.tw\/wp-content\/uploads\/2023\/10\/P58-59-PM-One-02-400x53.jpg 400w, https:\/\/www.monitex.com.tw\/wp-content\/uploads\/2023\/10\/P58-59-PM-One-02-430x57.jpg 430w, https:\/\/www.monitex.com.tw\/wp-content\/uploads\/2023\/10\/P58-59-PM-One-02-150x20.jpg 150w\" sizes=\"(max-width: 563px) 100vw, 563px\" \/>\t\t\t\t\t<\/div>\n\n\t\t\t\t\t\t<\/div>\n\t\t\t\t<\/div>\n\t\t\t\t\t<\/div>\n\t\t<\/div>\n\t\t\t\t\t<\/div>\n\t\t<\/section>\n\t\t\t\t<\/div>","protected":false},"excerpt":{"rendered":"<p>Conozca la c\u00e1mara intraoral m\u00e1s nueva, m\u00e1s delgada y con la m\u00e1s alta tecnolog\u00eda, PM-One.<br \/>\nEsta c\u00e1mara intraoral no solo se puede conectar directamente a tel\u00e9fonos inteligentes y tabletas usando su se\u00f1al WIFI incorporada, sino que tambi\u00e9n puede transmitir im\u00e1genes en vivo a una pantalla de TV a trav\u00e9s de un cable HDMI.<\/p>","protected":false},"featured_media":17714,"template":"","meta":[],"product_cat":[28],"product_tag":[],"class_list":{"0":"post-16976","1":"product","2":"type-product","3":"status-publish","4":"has-post-thumbnail","6":"product_cat-intraoral-camera","8":"first","9":"instock","10":"shipping-taxable","11":"product-type-simple"},"_links":{"self":[{"href":"https:\/\/www.monitex.com.tw\/es\/wp-json\/wp\/v2\/product\/16976","targetHints":{"allow":["GET"]}}],"collection":[{"href":"https:\/\/www.monitex.com.tw\/es\/wp-json\/wp\/v2\/product"}],"about":[{"href":"https:\/\/www.monitex.com.tw\/es\/wp-json\/wp\/v2\/types\/product"}],"version-history":[{"count":0,"href":"https:\/\/www.monitex.com.tw\/es\/wp-json\/wp\/v2\/product\/16976\/revisions"}],"wp:featuredmedia":[{"embeddable":true,"href":"https:\/\/www.monitex.com.tw\/es\/wp-json\/wp\/v2\/media\/17714"}],"wp:attachment":[{"href":"https:\/\/www.monitex.com.tw\/es\/wp-json\/wp\/v2\/media?parent=16976"}],"wp:term":[{"taxonomy":"product_cat","embeddable":true,"href":"https:\/\/www.monitex.com.tw\/es\/wp-json\/wp\/v2\/product_cat?post=16976"},{"taxonomy":"product_tag","embeddable":true,"href":"https:\/\/www.monitex.com.tw\/es\/wp-json\/wp\/v2\/product_tag?post=16976"}],"curies":[{"name":"wp","href":"https:\/\/api.w.org\/{rel}","templated":true}]}}