{"id":17005,"date":"2023-10-21T20:02:44","date_gmt":"2023-10-21T20:02:44","guid":{"rendered":"https:\/\/redtao.live\/?post_type=product&#038;p=17005"},"modified":"2024-06-27T05:58:18","modified_gmt":"2024-06-27T05:58:18","slug":"monicam-px-130","status":"publish","type":"product","link":"https:\/\/www.monitex.com.tw\/es\/producto\/monicam-px-130\/","title":{"rendered":"moniCAM PX-130+"},"content":{"rendered":"<div data-elementor-type=\"wp-post\" data-elementor-id=\"17005\" class=\"elementor elementor-17005\">\n\t\t\t\t\t\t<section class=\"elementor-section elementor-top-section elementor-element elementor-element-f308b27 elementor-section-stretched elementor-section-boxed elementor-section-height-default elementor-section-height-default wd-section-disabled\" data-id=\"f308b27\" data-element_type=\"section\" data-settings=\"{&quot;background_background&quot;:&quot;classic&quot;,&quot;stretch_section&quot;:&quot;section-stretched&quot;}\">\n\t\t\t\t\t\t<div class=\"elementor-container elementor-column-gap-default\">\n\t\t\t\t\t<div class=\"elementor-column elementor-col-50 elementor-top-column elementor-element elementor-element-f1e41d1 wd-animation-slide-from-left wd-animation-normal wd_delay_100\" data-id=\"f1e41d1\" data-element_type=\"column\">\n\t\t\t<div class=\"elementor-widget-wrap elementor-element-populated\">\n\t\t\t\t\t\t<div class=\"elementor-element elementor-element-c309398 elementor-widget elementor-widget-image\" data-id=\"c309398\" data-element_type=\"widget\" data-widget_type=\"image.default\">\n\t\t\t\t<div class=\"elementor-widget-container\">\n\t\t\t\t\t\t\t\t\t\t\t\t\t\t\t<img fetchpriority=\"high\" decoding=\"async\" width=\"499\" height=\"499\" src=\"https:\/\/www.monitex.com.tw\/wp-content\/uploads\/2023\/10\/PX-130\u767d\u5e95\u5927\u982d\u7167_\u5de5\u4f5c\u5340\u57df_1_\u8907\u672c-removebg-preview.png\" class=\"attachment-large size-large wp-image-17984\" alt=\"\" srcset=\"https:\/\/www.monitex.com.tw\/wp-content\/uploads\/2023\/10\/PX-130\u767d\u5e95\u5927\u982d\u7167_\u5de5\u4f5c\u5340\u57df_1_\u8907\u672c-removebg-preview.png 499w, https:\/\/www.monitex.com.tw\/wp-content\/uploads\/2023\/10\/PX-130\u767d\u5e95\u5927\u982d\u7167_\u5de5\u4f5c\u5340\u57df_1_\u8907\u672c-removebg-preview-300x300.png 300w, https:\/\/www.monitex.com.tw\/wp-content\/uploads\/2023\/10\/PX-130\u767d\u5e95\u5927\u982d\u7167_\u5de5\u4f5c\u5340\u57df_1_\u8907\u672c-removebg-preview-150x150.png 150w, https:\/\/www.monitex.com.tw\/wp-content\/uploads\/2023\/10\/PX-130\u767d\u5e95\u5927\u982d\u7167_\u5de5\u4f5c\u5340\u57df_1_\u8907\u672c-removebg-preview-430x430.png 430w\" sizes=\"(max-width: 499px) 100vw, 499px\" \/>\t\t\t\t\t\t\t\t\t\t\t\t\t\t\t<\/div>\n\t\t\t\t<\/div>\n\t\t\t\t\t<\/div>\n\t\t<\/div>\n\t\t\t\t<div class=\"elementor-column elementor-col-50 elementor-top-column elementor-element elementor-element-44e106e elementor-invisible\" data-id=\"44e106e\" data-element_type=\"column\" data-settings=\"{&quot;animation&quot;:&quot;fadeInRight&quot;}\">\n\t\t\t<div class=\"elementor-widget-wrap elementor-element-populated\">\n\t\t\t\t\t\t<div class=\"elementor-element elementor-element-bc88d27 color-scheme-inherit text-left elementor-widget elementor-widget-text-editor\" data-id=\"bc88d27\" data-element_type=\"widget\" data-widget_type=\"text-editor.default\">\n\t\t\t\t<div class=\"elementor-widget-container\">\n\t\t\t\t\t\t\t\t\t<p>PX-130+<\/p>\t\t\t\t\t\t\t\t<\/div>\n\t\t\t\t<\/div>\n\t\t\t\t<div class=\"elementor-element elementor-element-5b9d874 elementor-widget elementor-widget-heading\" data-id=\"5b9d874\" data-element_type=\"widget\" data-widget_type=\"heading.default\">\n\t\t\t\t<div class=\"elementor-widget-container\">\n\t\t\t\t\t<h2 class=\"elementor-heading-title elementor-size-default\">moniCAM <\/h2>\t\t\t\t<\/div>\n\t\t\t\t<\/div>\n\t\t\t\t<div class=\"elementor-element elementor-element-f30a3c2 color-scheme-inherit text-left elementor-widget elementor-widget-text-editor\" data-id=\"f30a3c2\" data-element_type=\"widget\" data-widget_type=\"text-editor.default\">\n\t\t\t\t<div class=\"elementor-widget-container\">\n\t\t\t\t\t\t\t\t\tMoniCam PX-130 es una c\u00e1mara intraoral ultraligera.\nSimplemente instale el software y el controlador\nincluidos en una computadora, conecte el cable\nUSB y vea y capture im\u00e1genes instant\u00e1neamente.\nUtilizando la tecnolog\u00eda Sony Super HAD Color\nCCD de 1\/4 \u201d, capture im\u00e1genes de alta resoluci\u00f3n\na un precio razonable.\t\t\t\t\t\t\t\t<\/div>\n\t\t\t\t<\/div>\n\t\t\t\t\t<\/div>\n\t\t<\/div>\n\t\t\t\t\t<\/div>\n\t\t<\/section>\n\t\t\t\t<section class=\"elementor-section elementor-top-section elementor-element elementor-element-82742c5 elementor-section-boxed elementor-section-height-default elementor-section-height-default wd-section-disabled\" data-id=\"82742c5\" data-element_type=\"section\">\n\t\t\t\t\t\t<div class=\"elementor-container elementor-column-gap-default\">\n\t\t\t\t\t<div class=\"elementor-column elementor-col-100 elementor-top-column elementor-element elementor-element-a219aaf\" data-id=\"a219aaf\" data-element_type=\"column\">\n\t\t\t<div class=\"elementor-widget-wrap elementor-element-populated\">\n\t\t\t\t\t\t<div class=\"elementor-element elementor-element-782c8f7 elementor-widget elementor-widget-heading\" data-id=\"782c8f7\" data-element_type=\"widget\" data-widget_type=\"heading.default\">\n\t\t\t\t<div class=\"elementor-widget-container\">\n\t\t\t\t\t<h2 class=\"elementor-heading-title elementor-size-default\">PIEZAS Y FUNCIONES<\/h2>\t\t\t\t<\/div>\n\t\t\t\t<\/div>\n\t\t\t\t<div class=\"elementor-element elementor-element-332096b elementor-widget elementor-widget-wd_image_or_svg\" data-id=\"332096b\" data-element_type=\"widget\" data-widget_type=\"wd_image_or_svg.default\">\n\t\t\t\t<div class=\"elementor-widget-container\">\n\t\t\t\t\t\n\t\t<div class=\"wd-image text-center\">\n\t\t\t\t\t\t\t\t<img decoding=\"async\" width=\"860\" height=\"530\" src=\"https:\/\/www.monitex.com.tw\/wp-content\/uploads\/2024\/07\/0315-PX-130-Moni-CAM-\u898f\u683c\u5716.jpg\" class=\"attachment-woodmart_shop_catalog_x2 size-woodmart_shop_catalog_x2 wp-image-17010\" alt=\"\" srcset=\"https:\/\/www.monitex.com.tw\/wp-content\/uploads\/2024\/07\/0315-PX-130-Moni-CAM-\u898f\u683c\u5716.jpg 1000w, https:\/\/www.monitex.com.tw\/wp-content\/uploads\/2024\/07\/0315-PX-130-Moni-CAM-\u898f\u683c\u5716-400x279.jpg 400w, https:\/\/www.monitex.com.tw\/wp-content\/uploads\/2024\/07\/0315-PX-130-Moni-CAM-\u898f\u683c\u5716-768x536.jpg 768w, https:\/\/www.monitex.com.tw\/wp-content\/uploads\/2024\/07\/0315-PX-130-Moni-CAM-\u898f\u683c\u5716-18x12.jpg 18w, https:\/\/www.monitex.com.tw\/wp-content\/uploads\/2024\/07\/0315-PX-130-Moni-CAM-\u898f\u683c\u5716-860x600.jpg 860w, https:\/\/www.monitex.com.tw\/wp-content\/uploads\/2024\/07\/0315-PX-130-Moni-CAM-\u898f\u683c\u5716-430x300.jpg 430w, https:\/\/www.monitex.com.tw\/wp-content\/uploads\/2024\/07\/0315-PX-130-Moni-CAM-\u898f\u683c\u5716-700x489.jpg 700w, https:\/\/www.monitex.com.tw\/wp-content\/uploads\/2024\/07\/0315-PX-130-Moni-CAM-\u898f\u683c\u5716-150x105.jpg 150w\" sizes=\"(max-width: 860px) 100vw, 860px\" \/>\t\t\t\t\t<\/div>\n\n\t\t\t\t\t\t<\/div>\n\t\t\t\t<\/div>\n\t\t\t\t<div class=\"elementor-element elementor-element-9c2545c elementor-widget elementor-widget-wd_image_or_svg\" data-id=\"9c2545c\" data-element_type=\"widget\" data-widget_type=\"wd_image_or_svg.default\">\n\t\t\t\t<div class=\"elementor-widget-container\">\n\t\t\t\t\t\n\t\t<div class=\"wd-image text-center\">\n\t\t\t\t\t\t\t\t<img decoding=\"async\" width=\"430\" height=\"189\" src=\"https:\/\/www.monitex.com.tw\/wp-content\/uploads\/2023\/10\/PX130-2-03-02-430x189.jpg\" class=\"attachment-woocommerce_thumbnail size-woocommerce_thumbnail wp-image-17011\" alt=\"\" srcset=\"https:\/\/www.monitex.com.tw\/wp-content\/uploads\/2023\/10\/PX130-2-03-02-430x189.jpg 430w, https:\/\/www.monitex.com.tw\/wp-content\/uploads\/2023\/10\/PX130-2-03-02-400x176.jpg 400w, https:\/\/www.monitex.com.tw\/wp-content\/uploads\/2023\/10\/PX130-2-03-02-768x338.jpg 768w, https:\/\/www.monitex.com.tw\/wp-content\/uploads\/2023\/10\/PX130-2-03-02-860x379.jpg 860w, https:\/\/www.monitex.com.tw\/wp-content\/uploads\/2023\/10\/PX130-2-03-02-700x308.jpg 700w, https:\/\/www.monitex.com.tw\/wp-content\/uploads\/2023\/10\/PX130-2-03-02-150x66.jpg 150w, https:\/\/www.monitex.com.tw\/wp-content\/uploads\/2023\/10\/PX130-2-03-02.jpg 1301w\" sizes=\"(max-width: 430px) 100vw, 430px\" \/>\t\t\t\t\t<\/div>\n\n\t\t\t\t\t\t<\/div>\n\t\t\t\t<\/div>\n\t\t\t\t\t<\/div>\n\t\t<\/div>\n\t\t\t\t\t<\/div>\n\t\t<\/section>\n\t\t\t\t<section class=\"elementor-section elementor-top-section elementor-element elementor-element-42da3ac elementor-section-boxed elementor-section-height-default elementor-section-height-default wd-section-disabled\" data-id=\"42da3ac\" data-element_type=\"section\">\n\t\t\t\t\t\t<div class=\"elementor-container elementor-column-gap-default\">\n\t\t\t\t\t<div class=\"elementor-column elementor-col-25 elementor-top-column elementor-element elementor-element-b3c2bba\" data-id=\"b3c2bba\" data-element_type=\"column\">\n\t\t\t<div class=\"elementor-widget-wrap elementor-element-populated\">\n\t\t\t\t\t\t<div class=\"elementor-element elementor-element-8335b0b elementor-position-left elementor-vertical-align-middle elementor-view-default elementor-mobile-position-top elementor-widget elementor-widget-icon-box\" data-id=\"8335b0b\" data-element_type=\"widget\" data-widget_type=\"icon-box.default\">\n\t\t\t\t<div class=\"elementor-widget-container\">\n\t\t\t\t\t\t\t<div class=\"elementor-icon-box-wrapper\">\n\n\t\t\t\t\t\t<div class=\"elementor-icon-box-icon\">\n\t\t\t\t<span  class=\"elementor-icon\">\n\t\t\t\t<i aria-hidden=\"true\" class=\"far fa-gem\"><\/i>\t\t\t\t<\/span>\n\t\t\t<\/div>\n\t\t\t\n\t\t\t\t\t\t<div class=\"elementor-icon-box-content\">\n\n\t\t\t\t\t\t\t\t\t<h5 class=\"elementor-icon-box-title\">\n\t\t\t\t\t\t<span  >\n\t\t\t\t\t\t\tTecnolog\u00eda Sony Super HAD Color CCD de 1\/4 \u201dpara\ncapturar im\u00e1genes de alta resoluci\u00f3n.\t\t\t\t\t\t<\/span>\n\t\t\t\t\t<\/h5>\n\t\t\t\t\n\t\t\t\t\n\t\t\t<\/div>\n\t\t\t\n\t\t<\/div>\n\t\t\t\t\t\t<\/div>\n\t\t\t\t<\/div>\n\t\t\t\t\t<\/div>\n\t\t<\/div>\n\t\t\t\t<div class=\"elementor-column elementor-col-25 elementor-top-column elementor-element elementor-element-7698222\" data-id=\"7698222\" data-element_type=\"column\">\n\t\t\t<div class=\"elementor-widget-wrap elementor-element-populated\">\n\t\t\t\t\t\t<div class=\"elementor-element elementor-element-b742d52 elementor-position-left elementor-vertical-align-middle elementor-view-default elementor-mobile-position-top elementor-widget elementor-widget-icon-box\" data-id=\"b742d52\" data-element_type=\"widget\" data-widget_type=\"icon-box.default\">\n\t\t\t\t<div class=\"elementor-widget-container\">\n\t\t\t\t\t\t\t<div class=\"elementor-icon-box-wrapper\">\n\n\t\t\t\t\t\t<div class=\"elementor-icon-box-icon\">\n\t\t\t\t<span  class=\"elementor-icon\">\n\t\t\t\t<i aria-hidden=\"true\" class=\"far fa-gem\"><\/i>\t\t\t\t<\/span>\n\t\t\t<\/div>\n\t\t\t\n\t\t\t\t\t\t<div class=\"elementor-icon-box-content\">\n\n\t\t\t\t\t\t\t\t\t<h5 class=\"elementor-icon-box-title\">\n\t\t\t\t\t\t<span  >\n\t\t\t\t\t\t\tConexi\u00f3n directa a la computadora a trav\u00e9s del puerto USB.\t\t\t\t\t\t<\/span>\n\t\t\t\t\t<\/h5>\n\t\t\t\t\n\t\t\t\t\n\t\t\t<\/div>\n\t\t\t\n\t\t<\/div>\n\t\t\t\t\t\t<\/div>\n\t\t\t\t<\/div>\n\t\t\t\t\t<\/div>\n\t\t<\/div>\n\t\t\t\t<div class=\"elementor-column elementor-col-25 elementor-top-column elementor-element elementor-element-6517074\" data-id=\"6517074\" data-element_type=\"column\">\n\t\t\t<div class=\"elementor-widget-wrap elementor-element-populated\">\n\t\t\t\t\t\t<div class=\"elementor-element elementor-element-1dcfc43 elementor-position-left elementor-vertical-align-middle elementor-view-default elementor-mobile-position-top elementor-widget elementor-widget-icon-box\" data-id=\"1dcfc43\" data-element_type=\"widget\" data-widget_type=\"icon-box.default\">\n\t\t\t\t<div class=\"elementor-widget-container\">\n\t\t\t\t\t\t\t<div class=\"elementor-icon-box-wrapper\">\n\n\t\t\t\t\t\t<div class=\"elementor-icon-box-icon\">\n\t\t\t\t<span  class=\"elementor-icon\">\n\t\t\t\t<i aria-hidden=\"true\" class=\"far fa-gem\"><\/i>\t\t\t\t<\/span>\n\t\t\t<\/div>\n\t\t\t\n\t\t\t\t\t\t<div class=\"elementor-icon-box-content\">\n\n\t\t\t\t\t\t\t\t\t<h5 class=\"elementor-icon-box-title\">\n\t\t\t\t\t\t<span  >\n\t\t\t\t\t\t\tIluminaci\u00f3n LED superior.\t\t\t\t\t\t<\/span>\n\t\t\t\t\t<\/h5>\n\t\t\t\t\n\t\t\t\t\n\t\t\t<\/div>\n\t\t\t\n\t\t<\/div>\n\t\t\t\t\t\t<\/div>\n\t\t\t\t<\/div>\n\t\t\t\t\t<\/div>\n\t\t<\/div>\n\t\t\t\t<div class=\"elementor-column elementor-col-25 elementor-top-column elementor-element elementor-element-7530d39\" data-id=\"7530d39\" data-element_type=\"column\">\n\t\t\t<div class=\"elementor-widget-wrap elementor-element-populated\">\n\t\t\t\t\t\t<div class=\"elementor-element elementor-element-a221d3c elementor-position-left elementor-vertical-align-middle elementor-view-default elementor-mobile-position-top elementor-widget elementor-widget-icon-box\" data-id=\"a221d3c\" data-element_type=\"widget\" data-widget_type=\"icon-box.default\">\n\t\t\t\t<div class=\"elementor-widget-container\">\n\t\t\t\t\t\t\t<div class=\"elementor-icon-box-wrapper\">\n\n\t\t\t\t\t\t<div class=\"elementor-icon-box-icon\">\n\t\t\t\t<span  class=\"elementor-icon\">\n\t\t\t\t<i aria-hidden=\"true\" class=\"far fa-gem\"><\/i>\t\t\t\t<\/span>\n\t\t\t<\/div>\n\t\t\t\n\t\t\t\t\t\t<div class=\"elementor-icon-box-content\">\n\n\t\t\t\t\t\t\t\t\t<h5 class=\"elementor-icon-box-title\">\n\t\t\t\t\t\t<span  >\n\t\t\t\t\t\t\tAlmacene f\u00e1cilmente im\u00e1genes digitales y exp\u00f3rtelas a otro\nsoftware dental.\t\t\t\t\t\t<\/span>\n\t\t\t\t\t<\/h5>\n\t\t\t\t\n\t\t\t\t\n\t\t\t<\/div>\n\t\t\t\n\t\t<\/div>\n\t\t\t\t\t\t<\/div>\n\t\t\t\t<\/div>\n\t\t\t\t\t<\/div>\n\t\t<\/div>\n\t\t\t\t\t<\/div>\n\t\t<\/section>\n\t\t\t\t<section class=\"elementor-section elementor-top-section elementor-element elementor-element-edf9eca elementor-section-boxed elementor-section-height-default elementor-section-height-default wd-section-disabled\" data-id=\"edf9eca\" data-element_type=\"section\">\n\t\t\t\t\t\t<div class=\"elementor-container elementor-column-gap-default\">\n\t\t\t\t\t<div class=\"elementor-column elementor-col-100 elementor-top-column elementor-element elementor-element-9062cc4\" data-id=\"9062cc4\" data-element_type=\"column\">\n\t\t\t<div class=\"elementor-widget-wrap elementor-element-populated\">\n\t\t\t\t\t\t<div class=\"elementor-element elementor-element-bb6e0d8 elementor-widget elementor-widget-video\" data-id=\"bb6e0d8\" data-element_type=\"widget\" data-settings=\"{&quot;youtube_url&quot;:&quot;https:\\\/\\\/youtu.be\\\/Qo3PZLP4tZc&quot;,&quot;video_type&quot;:&quot;youtube&quot;,&quot;controls&quot;:&quot;yes&quot;}\" data-widget_type=\"video.default\">\n\t\t\t\t<div class=\"elementor-widget-container\">\n\t\t\t\t\t\t\t<div class=\"elementor-wrapper elementor-open-inline\">\n\t\t\t<div class=\"elementor-video\"><\/div>\t\t<\/div>\n\t\t\t\t\t\t<\/div>\n\t\t\t\t<\/div>\n\t\t\t\t\t<\/div>\n\t\t<\/div>\n\t\t\t\t\t<\/div>\n\t\t<\/section>\n\t\t\t\t<section class=\"elementor-section elementor-top-section elementor-element elementor-element-fe7bacf elementor-section-boxed elementor-section-height-default elementor-section-height-default wd-section-disabled\" data-id=\"fe7bacf\" data-element_type=\"section\">\n\t\t\t\t\t\t<div class=\"elementor-container elementor-column-gap-default\">\n\t\t\t\t\t<div class=\"elementor-column elementor-col-100 elementor-top-column elementor-element elementor-element-69576f6\" data-id=\"69576f6\" data-element_type=\"column\">\n\t\t\t<div class=\"elementor-widget-wrap elementor-element-populated\">\n\t\t\t\t\t\t<div class=\"elementor-element elementor-element-66fb8ab elementor-widget elementor-widget-heading\" data-id=\"66fb8ab\" data-element_type=\"widget\" data-widget_type=\"heading.default\">\n\t\t\t\t<div class=\"elementor-widget-container\">\n\t\t\t\t\t<h2 class=\"elementor-heading-title elementor-size-default\">Especicaci\u00f3n<\/h2>\t\t\t\t<\/div>\n\t\t\t\t<\/div>\n\t\t\t\t<div class=\"elementor-element elementor-element-65696de elementor-widget elementor-widget-wd_table\" data-id=\"65696de\" data-element_type=\"widget\" data-widget_type=\"wd_table.default\">\n\t\t\t\t<div class=\"elementor-widget-container\">\n\t\t\t\t\t\t\t<div class=\"wd-el-table-wrap wd-reset-all-last\">\n\t\t\t<table class=\"wd-el-table\">\n\t\t\t\t\t\t\t\t\t<thead class=\"text-right\">\n\t\t\t\t\t\t\t\t\t\t\t\t\t\t\t\t\t\t\t\t\t\t\t\t\t\t\t\t\t\t<tr class=\"wd-table-row elementor-repeater-item-d6e7c1e\">\n\t\t\t\t\t\t\t\t\t\t\t\t\t\t\t\t\t\t\t\t\t\t\t\t\t\t\t<\/tr>\n\t\t\t\t\t<\/thead>\n\t\t\t\t\n\t\t\t\t<tbody class=\"text-left\">\n\t\t\t\t\t\t\t\t\t\t\t\t\t\t\t\t\t\t<td class=\"wd-table-cell elementor-repeater-item-bee6ef1\" colspan=\"1\" rowspan=\"1\">\n\t\t\t\t\t\t\t<h3><strong>C\u00e1mara intraoral<\/strong><\/h3>\t\t\t\t\t\t\t<\/td>\n\t\t\t\t\t\t\t\t\t\t\t\t\t\t\t\t\t\t\t\t\t\t\t\t<td class=\"wd-table-cell elementor-repeater-item-ded7efd\" colspan=\"1\" rowspan=\"1\">\n\t\t\t\t\t\t\t\t\t\t\t\t\t\t<\/td>\n\t\t\t\t\t\t\t\t\t\t\t\t\t\t\t\t\t\t\t\t\t\t\t\t\t\t\t\t\t\t\t\t<\/tr>\n\t\t\t\t\t\t\t\t<tr class=\"wd-table-row elementor-repeater-item-bf2587d\">\n\t\t\t\t\t\t\t\t\t\t\t\t\t\t\t\t\t\t\t\t\t\t\t\t\t\t\t\t\t\t\t<td class=\"wd-table-cell elementor-repeater-item-fd7bbf9\" colspan=\"1\" rowspan=\"1\">\n\t\t\t\t\t\t\t<p>P\u00edxeles de lente<\/p>\t\t\t\t\t\t\t<\/td>\n\t\t\t\t\t\t\t\t\t\t\t\t\t\t\t\t\t\t\t\t\t\t\t\t<td class=\"wd-table-cell elementor-repeater-item-6c172a5\" colspan=\"1\" rowspan=\"1\">\n\t\t\t\t\t\t\t<p>1.3 megapixels<\/p>\t\t\t\t\t\t\t<\/td>\n\t\t\t\t\t\t\t\t\t\t\t\t\t\t\t\t\t\t\t\t\t\t\t\t\t\t\t\t\t\t\t\t<\/tr>\n\t\t\t\t\t\t\t\t<tr class=\"wd-table-row elementor-repeater-item-331b975\">\n\t\t\t\t\t\t\t\t\t\t\t\t\t\t\t\t\t\t\t\t\t\t\t\t\t\t\t\t\t\t\t<td class=\"wd-table-cell elementor-repeater-item-414eba6\" colspan=\"1\" rowspan=\"1\">\n\t\t\t\t\t\t\t<p>Lente \u00f3ptico<\/p>\t\t\t\t\t\t\t<\/td>\n\t\t\t\t\t\t\t\t\t\t\t\t\t\t\t\t\t\t\t\t\t\t\t\t<td class=\"wd-table-cell elementor-repeater-item-e3314b2\" colspan=\"1\" rowspan=\"1\">\n\t\t\t\t\t\t\t<p>Sony Super HAD color 1\/4\u201d CCD<\/p>\t\t\t\t\t\t\t<\/td>\n\t\t\t\t\t\t\t\t\t\t\t\t\t\t\t\t\t\t\t\t\t\t\t\t\t\t\t\t\t\t\t\t<\/tr>\n\t\t\t\t\t\t\t\t<tr class=\"wd-table-row elementor-repeater-item-5144382\">\n\t\t\t\t\t\t\t\t\t\t\t\t\t\t\t\t\t\t\t\t\t\t\t\t\t\t\t\t\t\t\t<td class=\"wd-table-cell elementor-repeater-item-3ee0236\" colspan=\"1\" rowspan=\"1\">\n\t\t\t\t\t\t\t<p>Balance de blanco<\/p>\t\t\t\t\t\t\t<\/td>\n\t\t\t\t\t\t\t\t\t\t\t\t\t\t\t\t\t\t\t\t\t\t\t\t<td class=\"wd-table-cell elementor-repeater-item-8da7330\" colspan=\"1\" rowspan=\"1\">\n\t\t\t\t\t\t\t<p>Auto<\/p>\t\t\t\t\t\t\t<\/td>\n\t\t\t\t\t\t\t\t\t\t\t\t\t\t\t\t\t\t\t\t\t\t\t\t\t\t\t\t\t\t\t\t<\/tr>\n\t\t\t\t\t\t\t\t<tr class=\"wd-table-row elementor-repeater-item-6e85425\">\n\t\t\t\t\t\t\t\t\t\t\t\t\t\t\t\t\t\t\t\t\t\t\t\t\t\t\t\t\t\t\t<td class=\"wd-table-cell elementor-repeater-item-18b0279\" colspan=\"1\" rowspan=\"1\">\n\t\t\t\t\t\t\t<p>Longitud Focal<\/p>\t\t\t\t\t\t\t<\/td>\n\t\t\t\t\t\t\t\t\t\t\t\t\t\t\t\t\t\t\t\t\t\t\t\t<td class=\"wd-table-cell elementor-repeater-item-81023de\" colspan=\"1\" rowspan=\"1\">\n\t\t\t\t\t\t\t<p>4 mm ~ 35 mm<\/p>\t\t\t\t\t\t\t<\/td>\n\t\t\t\t\t\t\t\t\t\t\t\t\t\t\t\t\t\t\t\t\t\t\t\t\t\t\t\t\t\t\t\t<\/tr>\n\t\t\t\t\t\t\t\t<tr class=\"wd-table-row elementor-repeater-item-feeb1b3\">\n\t\t\t\t\t\t\t\t\t\t\t\t\t\t\t\t\t\t\t\t\t\t\t\t\t\t\t\t\t\t\t<td class=\"wd-table-cell elementor-repeater-item-e8a0a19\" colspan=\"1\" rowspan=\"1\">\n\t\t\t\t\t\t\t<p>Fuente de luz<\/p>\t\t\t\t\t\t\t<\/td>\n\t\t\t\t\t\t\t\t\t\t\t\t\t\t\t\t\t\t\t\t\t\t\t\t<td class=\"wd-table-cell elementor-repeater-item-54ca30c\" colspan=\"1\" rowspan=\"1\">\n\t\t\t\t\t\t\t<p>6 White LED<\/p>\t\t\t\t\t\t\t<\/td>\n\t\t\t\t\t\t\t\t\t\t\t\t\t\t\t\t\t\t\t\t\t\t\t\t\t\t\t\t\t\t\t\t<\/tr>\n\t\t\t\t\t\t\t\t<tr class=\"wd-table-row elementor-repeater-item-db95aa4\">\n\t\t\t\t\t\t\t\t\t\t\t\t\t\t\t\t\t\t\t\t\t\t\t\t\t\t\t\t\t\t\t<td class=\"wd-table-cell elementor-repeater-item-fce0638\" colspan=\"1\" rowspan=\"1\">\n\t\t\t\t\t\t\t<p>Fuente de salida<\/p>\t\t\t\t\t\t\t<\/td>\n\t\t\t\t\t\t\t\t\t\t\t\t\t\t\t\t\t\t\t\t\t\t\t\t<td class=\"wd-table-cell elementor-repeater-item-bd973f8\" colspan=\"1\" rowspan=\"1\">\n\t\t\t\t\t\t\t<p>USB only<\/p>\t\t\t\t\t\t\t<\/td>\n\t\t\t\t\t\t\t\t\t\t\t\t\t\t\t\t\t\t\t\t\t\t\t\t\t\t\t\t\t\t\t\t<\/tr>\n\t\t\t\t\t\t\t\t<tr class=\"wd-table-row elementor-repeater-item-db51186\">\n\t\t\t\t\t\t\t\t\t\t\t\t\t\t\t\t\t\t\t\t\t\t\t\t\t\t\t\t\t\t\t<td class=\"wd-table-cell elementor-repeater-item-c4916c6\" colspan=\"1\" rowspan=\"1\">\n\t\t\t\t\t\t\t<p>Longitud del cable<\/p>\t\t\t\t\t\t\t<\/td>\n\t\t\t\t\t\t\t\t\t\t\t\t\t\t\t\t\t\t\t\t\t\t\t\t<td class=\"wd-table-cell elementor-repeater-item-4bf72d0\" colspan=\"1\" rowspan=\"1\">\n\t\t\t\t\t\t\t<p>2.5 m<\/p>\t\t\t\t\t\t\t<\/td>\n\t\t\t\t\t\t\t\t\t\t\t\t\t\t\t\t\t\t\t\t\t\t\t\t\t\t\t\t\t\t\t\t<\/tr>\n\t\t\t\t\t\t\t\t<tr class=\"wd-table-row elementor-repeater-item-c4cf7ae\">\n\t\t\t\t\t\t\t\t\t\t\t\t\t\t\t\t\t\t\t\t\t\t\t\t\t\t\t\t\t\t\t<td class=\"wd-table-cell elementor-repeater-item-4b0a069\" colspan=\"1\" rowspan=\"1\">\n\t\t\t\t\t\t\t<p>Dimensiones<\/p>\t\t\t\t\t\t\t<\/td>\n\t\t\t\t\t\t\t\t\t\t\t\t\t\t\t\t\t\t\t\t\t\t\t\t<td class=\"wd-table-cell elementor-repeater-item-9a428e2\" colspan=\"1\" rowspan=\"1\">\n\t\t\t\t\t\t\t<p>205(largo) x 25(ancho) x 20(alto) mm<\/p>\t\t\t\t\t\t\t<\/td>\n\t\t\t\t\t\t\t\t\t\t\t\t\t\t\t\t\t\t\t\t\t\t\t\t\t\t\t\t\t\t\t\t<\/tr>\n\t\t\t\t\t\t\t\t<tr class=\"wd-table-row elementor-repeater-item-2d623d4\">\n\t\t\t\t\t\t\t\t\t\t\t\t\t\t\t\t\t\t\t\t\t\t\t\t\t\t\t\t\t\t\t<td class=\"wd-table-cell elementor-repeater-item-cfd7d7e\" colspan=\"1\" rowspan=\"1\">\n\t\t\t\t\t\t\t<p>Peso<\/p>\t\t\t\t\t\t\t<\/td>\n\t\t\t\t\t\t\t\t\t\t\t\t\t\t\t\t\t\t\t\t\t\t\t\t<td class=\"wd-table-cell elementor-repeater-item-101313e\" colspan=\"1\" rowspan=\"1\">\n\t\t\t\t\t\t\t<p>57 g<\/p>\t\t\t\t\t\t\t<\/td>\n\t\t\t\t\t\t\t\t\t\t\t\t\t\t\t\t<\/tr>\n\t\t\t\t<\/tbody>\n\t\t\t<\/table>\n\t\t<\/div>\n\t\t\t\t\t\t<\/div>\n\t\t\t\t<\/div>\n\t\t\t\t\t<\/div>\n\t\t<\/div>\n\t\t\t\t\t<\/div>\n\t\t<\/section>\n\t\t\t\t<section class=\"elementor-section elementor-top-section elementor-element elementor-element-58d62e0 elementor-section-boxed elementor-section-height-default elementor-section-height-default wd-section-disabled\" data-id=\"58d62e0\" data-element_type=\"section\">\n\t\t\t\t\t\t<div class=\"elementor-container elementor-column-gap-default\">\n\t\t\t\t\t<div class=\"elementor-column elementor-col-100 elementor-top-column elementor-element elementor-element-9d55a4f\" data-id=\"9d55a4f\" data-element_type=\"column\">\n\t\t\t<div class=\"elementor-widget-wrap elementor-element-populated\">\n\t\t\t\t\t\t<div class=\"elementor-element elementor-element-a0d2812 elementor-widget elementor-widget-wd_image_or_svg\" data-id=\"a0d2812\" data-element_type=\"widget\" data-widget_type=\"wd_image_or_svg.default\">\n\t\t\t\t<div class=\"elementor-widget-container\">\n\t\t\t\t\t\n\t\t<div class=\"wd-image text-center\">\n\t\t\t\t\t\t\t\t<img loading=\"lazy\" decoding=\"async\" width=\"1300\" height=\"367\" src=\"https:\/\/www.monitex.com.tw\/wp-content\/uploads\/2023\/10\/PX130-3-03.jpg\" class=\"attachment-2048x2048 size-2048x2048 wp-image-17012\" alt=\"\" srcset=\"https:\/\/www.monitex.com.tw\/wp-content\/uploads\/2023\/10\/PX130-3-03.jpg 1300w, https:\/\/www.monitex.com.tw\/wp-content\/uploads\/2023\/10\/PX130-3-03-400x113.jpg 400w, https:\/\/www.monitex.com.tw\/wp-content\/uploads\/2023\/10\/PX130-3-03-768x217.jpg 768w, https:\/\/www.monitex.com.tw\/wp-content\/uploads\/2023\/10\/PX130-3-03-860x243.jpg 860w, https:\/\/www.monitex.com.tw\/wp-content\/uploads\/2023\/10\/PX130-3-03-430x121.jpg 430w, https:\/\/www.monitex.com.tw\/wp-content\/uploads\/2023\/10\/PX130-3-03-700x198.jpg 700w, https:\/\/www.monitex.com.tw\/wp-content\/uploads\/2023\/10\/PX130-3-03-150x42.jpg 150w\" sizes=\"(max-width: 1300px) 100vw, 1300px\" \/>\t\t\t\t\t<\/div>\n\n\t\t\t\t\t\t<\/div>\n\t\t\t\t<\/div>\n\t\t\t\t\t<\/div>\n\t\t<\/div>\n\t\t\t\t\t<\/div>\n\t\t<\/section>\n\t\t\t\t<\/div>","protected":false},"excerpt":{"rendered":"<p class=\" translation-block\">MoniCam PX-130 es una c\u00e1mara intraoral ultraligera.\nSimplemente instale el software y el controlador\nincluidos en una computadora, conecte el cable\nUSB y vea y capture im\u00e1genes instant\u00e1neamente.\nUtilizando la tecnolog\u00eda Sony Super HAD Color\nCCD de 1\/4 \u201d, capture im\u00e1genes de alta resoluci\u00f3n\na un precio razonable.<\/p>","protected":false},"featured_media":17722,"template":"","meta":[],"product_cat":[28],"product_tag":[],"class_list":{"0":"post-17005","1":"product","2":"type-product","3":"status-publish","4":"has-post-thumbnail","6":"product_cat-intraoral-camera","8":"first","9":"instock","10":"shipping-taxable","11":"product-type-simple"},"_links":{"self":[{"href":"https:\/\/www.monitex.com.tw\/es\/wp-json\/wp\/v2\/product\/17005","targetHints":{"allow":["GET"]}}],"collection":[{"href":"https:\/\/www.monitex.com.tw\/es\/wp-json\/wp\/v2\/product"}],"about":[{"href":"https:\/\/www.monitex.com.tw\/es\/wp-json\/wp\/v2\/types\/product"}],"version-history":[{"count":0,"href":"https:\/\/www.monitex.com.tw\/es\/wp-json\/wp\/v2\/product\/17005\/revisions"}],"wp:featuredmedia":[{"embeddable":true,"href":"https:\/\/www.monitex.com.tw\/es\/wp-json\/wp\/v2\/media\/17722"}],"wp:attachment":[{"href":"https:\/\/www.monitex.com.tw\/es\/wp-json\/wp\/v2\/media?parent=17005"}],"wp:term":[{"taxonomy":"product_cat","embeddable":true,"href":"https:\/\/www.monitex.com.tw\/es\/wp-json\/wp\/v2\/product_cat?post=17005"},{"taxonomy":"product_tag","embeddable":true,"href":"https:\/\/www.monitex.com.tw\/es\/wp-json\/wp\/v2\/product_tag?post=17005"}],"curies":[{"name":"wp","href":"https:\/\/api.w.org\/{rel}","templated":true}]}}