{"id":17081,"date":"2023-10-22T11:55:01","date_gmt":"2023-10-22T11:55:01","guid":{"rendered":"https:\/\/redtao.live\/?post_type=product&#038;p=17081"},"modified":"2024-06-27T05:48:47","modified_gmt":"2024-06-27T05:48:47","slug":"a-max-mini","status":"publish","type":"product","link":"https:\/\/www.monitex.com.tw\/es\/producto\/a-max-mini\/","title":{"rendered":"A.MAX MINI"},"content":{"rendered":"<div data-elementor-type=\"wp-post\" data-elementor-id=\"17081\" class=\"elementor elementor-17081\">\n\t\t\t\t\t\t<section class=\"elementor-section elementor-top-section elementor-element elementor-element-f76bd0d elementor-section-stretched elementor-section-boxed elementor-section-height-default elementor-section-height-default wd-section-disabled\" data-id=\"f76bd0d\" data-element_type=\"section\" data-settings=\"{&quot;background_background&quot;:&quot;classic&quot;,&quot;stretch_section&quot;:&quot;section-stretched&quot;}\">\n\t\t\t\t\t\t<div class=\"elementor-container elementor-column-gap-default\">\n\t\t\t\t\t<div class=\"elementor-column elementor-col-50 elementor-top-column elementor-element elementor-element-7f8013f\" data-id=\"7f8013f\" data-element_type=\"column\">\n\t\t\t<div class=\"elementor-widget-wrap elementor-element-populated\">\n\t\t\t\t\t\t<div class=\"elementor-element elementor-element-00add34 elementor-widget elementor-widget-image\" data-id=\"00add34\" data-element_type=\"widget\" data-widget_type=\"image.default\">\n\t\t\t\t<div class=\"elementor-widget-container\">\n\t\t\t\t\t\t\t\t\t\t\t\t\t\t\t<img fetchpriority=\"high\" decoding=\"async\" width=\"1099\" height=\"800\" src=\"https:\/\/www.monitex.com.tw\/wp-content\/uploads\/2023\/10\/mini-1-1099x800.png\" class=\"attachment-large size-large wp-image-18460\" alt=\"\" srcset=\"https:\/\/www.monitex.com.tw\/wp-content\/uploads\/2023\/10\/mini-1-1099x800.png 1099w, https:\/\/www.monitex.com.tw\/wp-content\/uploads\/2023\/10\/mini-1-400x291.png 400w, https:\/\/www.monitex.com.tw\/wp-content\/uploads\/2023\/10\/mini-1-768x559.png 768w, https:\/\/www.monitex.com.tw\/wp-content\/uploads\/2023\/10\/mini-1-1536x1118.png 1536w, https:\/\/www.monitex.com.tw\/wp-content\/uploads\/2023\/10\/mini-1-2048x1490.png 2048w, https:\/\/www.monitex.com.tw\/wp-content\/uploads\/2023\/10\/mini-1-860x626.png 860w, https:\/\/www.monitex.com.tw\/wp-content\/uploads\/2023\/10\/mini-1-430x313.png 430w, https:\/\/www.monitex.com.tw\/wp-content\/uploads\/2023\/10\/mini-1-700x509.png 700w, https:\/\/www.monitex.com.tw\/wp-content\/uploads\/2023\/10\/mini-1-150x109.png 150w\" sizes=\"(max-width: 1099px) 100vw, 1099px\" \/>\t\t\t\t\t\t\t\t\t\t\t\t\t\t\t<\/div>\n\t\t\t\t<\/div>\n\t\t\t\t\t<\/div>\n\t\t<\/div>\n\t\t\t\t<div class=\"elementor-column elementor-col-50 elementor-top-column elementor-element elementor-element-59ea958 elementor-invisible\" data-id=\"59ea958\" data-element_type=\"column\" data-settings=\"{&quot;animation&quot;:&quot;fadeInRight&quot;}\">\n\t\t\t<div class=\"elementor-widget-wrap elementor-element-populated\">\n\t\t\t\t\t\t<div class=\"elementor-element elementor-element-64f4c84 color-scheme-inherit text-left elementor-widget elementor-widget-text-editor\" data-id=\"64f4c84\" data-element_type=\"widget\" data-widget_type=\"text-editor.default\">\n\t\t\t\t<div class=\"elementor-widget-container\">\n\t\t\t\t\t\t\t\t\t<p>Mezclador de C\u00e1psula<\/p>\t\t\t\t\t\t\t\t<\/div>\n\t\t\t\t<\/div>\n\t\t\t\t<div class=\"elementor-element elementor-element-2b984d5 elementor-widget elementor-widget-heading\" data-id=\"2b984d5\" data-element_type=\"widget\" data-widget_type=\"heading.default\">\n\t\t\t\t<div class=\"elementor-widget-container\">\n\t\t\t\t\t<h2 class=\"elementor-heading-title elementor-size-default\">A.MAX Mini <\/h2>\t\t\t\t<\/div>\n\t\t\t\t<\/div>\n\t\t\t\t<div class=\"elementor-element elementor-element-fcf6dba color-scheme-inherit text-left elementor-widget elementor-widget-text-editor\" data-id=\"fcf6dba\" data-element_type=\"widget\" data-widget_type=\"text-editor.default\">\n\t\t\t\t<div class=\"elementor-widget-container\">\n\t\t\t\t\t\t\t\t\t<p>a.max mini is an essential tool for mixing all types of dental materials including glassionomers.<\/p><p>Este mezclador de c\u00e1psulas de alta velocidad tiene dos configuraciones programables para los tiempos de uso com\u00fan seg\u00fan las preferencias del usuario.<\/p><p>De tama\u00f1o peque\u00f1o (aproximadamente la mitad de dimensi\u00f3n en comparaci\u00f3n con a.max) y utilizando mecanismos patentados, a.max mini es seguro, f\u00e1cil de colocar y libre de vibraciones.<\/p>\t\t\t\t\t\t\t\t<\/div>\n\t\t\t\t<\/div>\n\t\t\t\t\t<\/div>\n\t\t<\/div>\n\t\t\t\t\t<\/div>\n\t\t<\/section>\n\t\t\t\t<section class=\"elementor-section elementor-top-section elementor-element elementor-element-a600ba3 elementor-section-boxed elementor-section-height-default elementor-section-height-default wd-section-disabled\" data-id=\"a600ba3\" data-element_type=\"section\">\n\t\t\t\t\t\t<div class=\"elementor-container elementor-column-gap-default\">\n\t\t\t\t\t<div class=\"elementor-column elementor-col-50 elementor-top-column elementor-element elementor-element-eb2acf3\" data-id=\"eb2acf3\" data-element_type=\"column\">\n\t\t\t<div class=\"elementor-widget-wrap elementor-element-populated\">\n\t\t\t\t\t\t<div class=\"elementor-element elementor-element-974f41c elementor-widget elementor-widget-heading\" data-id=\"974f41c\" data-element_type=\"widget\" data-widget_type=\"heading.default\">\n\t\t\t\t<div class=\"elementor-widget-container\">\n\t\t\t\t\t<h2 class=\"elementor-heading-title elementor-size-default\">Mezclador de C\u00e1psula <\/h2>\t\t\t\t<\/div>\n\t\t\t\t<\/div>\n\t\t\t\t<div class=\"elementor-element elementor-element-9ff7648 elementor-widget elementor-widget-wd_text_block\" data-id=\"9ff7648\" data-element_type=\"widget\" data-widget_type=\"wd_text_block.default\">\n\t\t\t\t<div class=\"elementor-widget-container\">\n\t\t\t\t\t\t\t<div class=\"wd-text-block reset-last-child text-center\">\n\t\t\t\n\t\t\t<div style=\"text-align: left\">A trav\u00e9s de mecanismos patentados, el funcionamiento de a.max mini es estable, silencioso y sin vibraciones. Adem\u00e1s, dos configuraciones de modo permiten a los usuarios guardar sus preferencias de tiempo de mezcla para una operaci\u00f3n f\u00e1cil y r\u00e1pida.<\/div>\n\t\t\t\t\t<\/div>\n\t\t\t\t\t\t<\/div>\n\t\t\t\t<\/div>\n\t\t\t\t<div class=\"elementor-element elementor-element-91067fd elementor-position-left elementor-vertical-align-middle elementor-view-default elementor-mobile-position-top elementor-widget elementor-widget-icon-box\" data-id=\"91067fd\" data-element_type=\"widget\" data-widget_type=\"icon-box.default\">\n\t\t\t\t<div class=\"elementor-widget-container\">\n\t\t\t\t\t\t\t<div class=\"elementor-icon-box-wrapper\">\n\n\t\t\t\t\t\t<div class=\"elementor-icon-box-icon\">\n\t\t\t\t<span  class=\"elementor-icon\">\n\t\t\t\t<i aria-hidden=\"true\" class=\"far fa-gem\"><\/i>\t\t\t\t<\/span>\n\t\t\t<\/div>\n\t\t\t\n\t\t\t\t\t\t<div class=\"elementor-icon-box-content\">\n\n\t\t\t\t\t\t\t\t\t<h5 class=\"elementor-icon-box-title\">\n\t\t\t\t\t\t<span  >\n\t\t\t\t\t\t\tResultados \u00f3ptimos de mezcla homog\u00e9nea.\t\t\t\t\t\t<\/span>\n\t\t\t\t\t<\/h5>\n\t\t\t\t\n\t\t\t\t\n\t\t\t<\/div>\n\t\t\t\n\t\t<\/div>\n\t\t\t\t\t\t<\/div>\n\t\t\t\t<\/div>\n\t\t\t\t<div class=\"elementor-element elementor-element-5029d4f elementor-position-left elementor-vertical-align-middle elementor-view-default elementor-mobile-position-top elementor-widget elementor-widget-icon-box\" data-id=\"5029d4f\" data-element_type=\"widget\" data-widget_type=\"icon-box.default\">\n\t\t\t\t<div class=\"elementor-widget-container\">\n\t\t\t\t\t\t\t<div class=\"elementor-icon-box-wrapper\">\n\n\t\t\t\t\t\t<div class=\"elementor-icon-box-icon\">\n\t\t\t\t<span  class=\"elementor-icon\">\n\t\t\t\t<i aria-hidden=\"true\" class=\"far fa-gem\"><\/i>\t\t\t\t<\/span>\n\t\t\t<\/div>\n\t\t\t\n\t\t\t\t\t\t<div class=\"elementor-icon-box-content\">\n\n\t\t\t\t\t\t\t\t\t<h5 class=\"elementor-icon-box-title\">\n\t\t\t\t\t\t<span  >\n\t\t\t\t\t\t\tDise\u00f1o port\u00e1til con bater\u00eda.\t\t\t\t\t\t<\/span>\n\t\t\t\t\t<\/h5>\n\t\t\t\t\n\t\t\t\t\n\t\t\t<\/div>\n\t\t\t\n\t\t<\/div>\n\t\t\t\t\t\t<\/div>\n\t\t\t\t<\/div>\n\t\t\t\t<div class=\"elementor-element elementor-element-0afe924 elementor-position-left elementor-vertical-align-middle elementor-view-default elementor-mobile-position-top elementor-widget elementor-widget-icon-box\" data-id=\"0afe924\" data-element_type=\"widget\" data-widget_type=\"icon-box.default\">\n\t\t\t\t<div class=\"elementor-widget-container\">\n\t\t\t\t\t\t\t<div class=\"elementor-icon-box-wrapper\">\n\n\t\t\t\t\t\t<div class=\"elementor-icon-box-icon\">\n\t\t\t\t<span  class=\"elementor-icon\">\n\t\t\t\t<i aria-hidden=\"true\" class=\"far fa-gem\"><\/i>\t\t\t\t<\/span>\n\t\t\t<\/div>\n\t\t\t\n\t\t\t\t\t\t<div class=\"elementor-icon-box-content\">\n\n\t\t\t\t\t\t\t\t\t<h5 class=\"elementor-icon-box-title\">\n\t\t\t\t\t\t<span  >\n\t\t\t\t\t\t\tAhorro de espacio y peso ligero.\t\t\t\t\t\t<\/span>\n\t\t\t\t\t<\/h5>\n\t\t\t\t\n\t\t\t\t\n\t\t\t<\/div>\n\t\t\t\n\t\t<\/div>\n\t\t\t\t\t\t<\/div>\n\t\t\t\t<\/div>\n\t\t\t\t<div class=\"elementor-element elementor-element-e295742 elementor-position-left elementor-vertical-align-middle elementor-view-default elementor-mobile-position-top elementor-widget elementor-widget-icon-box\" data-id=\"e295742\" data-element_type=\"widget\" data-widget_type=\"icon-box.default\">\n\t\t\t\t<div class=\"elementor-widget-container\">\n\t\t\t\t\t\t\t<div class=\"elementor-icon-box-wrapper\">\n\n\t\t\t\t\t\t<div class=\"elementor-icon-box-icon\">\n\t\t\t\t<span  class=\"elementor-icon\">\n\t\t\t\t<i aria-hidden=\"true\" class=\"far fa-gem\"><\/i>\t\t\t\t<\/span>\n\t\t\t<\/div>\n\t\t\t\n\t\t\t\t\t\t<div class=\"elementor-icon-box-content\">\n\n\t\t\t\t\t\t\t\t\t<h5 class=\"elementor-icon-box-title\">\n\t\t\t\t\t\t<span  >\n\t\t\t\t\t\t\tC\u00e1psula f\u00e1cil de colocar y quitar.\t\t\t\t\t\t<\/span>\n\t\t\t\t\t<\/h5>\n\t\t\t\t\n\t\t\t\t\n\t\t\t<\/div>\n\t\t\t\n\t\t<\/div>\n\t\t\t\t\t\t<\/div>\n\t\t\t\t<\/div>\n\t\t\t\t\t<\/div>\n\t\t<\/div>\n\t\t\t\t<div class=\"elementor-column elementor-col-50 elementor-top-column elementor-element elementor-element-a0d40fe\" data-id=\"a0d40fe\" data-element_type=\"column\">\n\t\t\t<div class=\"elementor-widget-wrap elementor-element-populated\">\n\t\t\t\t\t\t<div class=\"elementor-element elementor-element-e898684 elementor-widget elementor-widget-wd_images_gallery\" data-id=\"e898684\" data-element_type=\"widget\" data-widget_type=\"wd_images_gallery.default\">\n\t\t\t\t<div class=\"elementor-widget-container\">\n\t\t\t\t\t\t\t<div class=\"wd-images-gallery wd-justify-center wd-items-top view-grid photoswipe-images\" >\n\t\t\t<div class=\"gallery-images row wd-spacing-0\">\n\t\t\t\t\t\t\t\t\t\t\t\t\t\t<div class=\"wd-gallery-item  col-lg-12 col-md-12 col-12\">\n\t\t\t\t\t\t\t\t\t\t\t\t\t<a  href=\"https:\/\/www.monitex.com.tw\/wp-content\/uploads\/2023\/10\/2023.02-mini-a.max-03.jpg\"data-width=\"954\" data-height=\"566\" data-index=\"1\" data-elementor-open-lightbox=\"no\">\n\t\t\t\t\t\t\n\t\t\t\t\t\t<img decoding=\"async\" src=\"https:\/\/www.monitex.com.tw\/wp-content\/uploads\/2023\/10\/2023.02-mini-a.max-03.jpg\"alt=\"2023.02 mini a.max-03\">\n\t\t\t\t\t\t\t\t\t\t\t\t\t<\/a>\n\t\t\t\t\t\t\t\t\t\t\t<\/div>\n\t\t\t\t\t\t\t\t<\/div>\n\t\t<\/div>\n\t\t\t\t\t\t<\/div>\n\t\t\t\t<\/div>\n\t\t\t\t\t<\/div>\n\t\t<\/div>\n\t\t\t\t\t<\/div>\n\t\t<\/section>\n\t\t\t\t<section class=\"elementor-section elementor-top-section elementor-element elementor-element-53a0daf elementor-section-boxed elementor-section-height-default elementor-section-height-default wd-section-disabled\" data-id=\"53a0daf\" data-element_type=\"section\">\n\t\t\t\t\t\t<div class=\"elementor-container elementor-column-gap-default\">\n\t\t\t\t\t<div class=\"elementor-column elementor-col-100 elementor-top-column elementor-element elementor-element-3ac520e\" data-id=\"3ac520e\" data-element_type=\"column\">\n\t\t\t<div class=\"elementor-widget-wrap elementor-element-populated\">\n\t\t\t\t\t\t<div class=\"elementor-element elementor-element-b0695a4 elementor-widget elementor-widget-heading\" data-id=\"b0695a4\" data-element_type=\"widget\" data-widget_type=\"heading.default\">\n\t\t\t\t<div class=\"elementor-widget-container\">\n\t\t\t\t\t<h2 class=\"elementor-heading-title elementor-size-default\">PIEZAS Y FUNCIONES<\/h2>\t\t\t\t<\/div>\n\t\t\t\t<\/div>\n\t\t\t\t<div class=\"elementor-element elementor-element-5a6837f elementor-widget elementor-widget-image\" data-id=\"5a6837f\" data-element_type=\"widget\" data-widget_type=\"image.default\">\n\t\t\t\t<div class=\"elementor-widget-container\">\n\t\t\t\t\t\t\t\t\t\t\t\t\t\t\t<img decoding=\"async\" width=\"1000\" height=\"800\" src=\"https:\/\/www.monitex.com.tw\/wp-content\/uploads\/2023\/10\/\u672a\u547d\u540d-1_\u5de5\u4f5c\u5340\u57df-1-01-1-1000x800.jpg\" class=\"attachment-large size-large wp-image-18690\" alt=\"\" srcset=\"https:\/\/www.monitex.com.tw\/wp-content\/uploads\/2023\/10\/\u672a\u547d\u540d-1_\u5de5\u4f5c\u5340\u57df-1-01-1-1000x800.jpg 1000w, https:\/\/www.monitex.com.tw\/wp-content\/uploads\/2023\/10\/\u672a\u547d\u540d-1_\u5de5\u4f5c\u5340\u57df-1-01-1-375x300.jpg 375w, https:\/\/www.monitex.com.tw\/wp-content\/uploads\/2023\/10\/\u672a\u547d\u540d-1_\u5de5\u4f5c\u5340\u57df-1-01-1-768x615.jpg 768w, https:\/\/www.monitex.com.tw\/wp-content\/uploads\/2023\/10\/\u672a\u547d\u540d-1_\u5de5\u4f5c\u5340\u57df-1-01-1-1536x1229.jpg 1536w, https:\/\/www.monitex.com.tw\/wp-content\/uploads\/2023\/10\/\u672a\u547d\u540d-1_\u5de5\u4f5c\u5340\u57df-1-01-1-2048x1639.jpg 2048w, https:\/\/www.monitex.com.tw\/wp-content\/uploads\/2023\/10\/\u672a\u547d\u540d-1_\u5de5\u4f5c\u5340\u57df-1-01-1-15x12.jpg 15w, https:\/\/www.monitex.com.tw\/wp-content\/uploads\/2023\/10\/\u672a\u547d\u540d-1_\u5de5\u4f5c\u5340\u57df-1-01-1-860x688.jpg 860w, https:\/\/www.monitex.com.tw\/wp-content\/uploads\/2023\/10\/\u672a\u547d\u540d-1_\u5de5\u4f5c\u5340\u57df-1-01-1-430x344.jpg 430w, https:\/\/www.monitex.com.tw\/wp-content\/uploads\/2023\/10\/\u672a\u547d\u540d-1_\u5de5\u4f5c\u5340\u57df-1-01-1-700x560.jpg 700w, https:\/\/www.monitex.com.tw\/wp-content\/uploads\/2023\/10\/\u672a\u547d\u540d-1_\u5de5\u4f5c\u5340\u57df-1-01-1-150x120.jpg 150w\" sizes=\"(max-width: 1000px) 100vw, 1000px\" \/>\t\t\t\t\t\t\t\t\t\t\t\t\t\t\t<\/div>\n\t\t\t\t<\/div>\n\t\t\t\t\t<\/div>\n\t\t<\/div>\n\t\t\t\t\t<\/div>\n\t\t<\/section>\n\t\t\t\t<section class=\"elementor-section elementor-top-section elementor-element elementor-element-1dd8aa4 elementor-section-boxed elementor-section-height-default elementor-section-height-default wd-section-disabled\" data-id=\"1dd8aa4\" data-element_type=\"section\">\n\t\t\t\t\t\t<div class=\"elementor-container elementor-column-gap-default\">\n\t\t\t\t\t<div class=\"elementor-column elementor-col-100 elementor-top-column elementor-element elementor-element-9678e06\" data-id=\"9678e06\" data-element_type=\"column\">\n\t\t\t<div class=\"elementor-widget-wrap elementor-element-populated\">\n\t\t\t\t\t\t<div class=\"elementor-element elementor-element-3cdb916 elementor-widget elementor-widget-video\" data-id=\"3cdb916\" data-element_type=\"widget\" data-settings=\"{&quot;youtube_url&quot;:&quot;https:\\\/\\\/youtu.be\\\/FMXHhOvJUXU&quot;,&quot;video_type&quot;:&quot;youtube&quot;,&quot;controls&quot;:&quot;yes&quot;}\" data-widget_type=\"video.default\">\n\t\t\t\t<div class=\"elementor-widget-container\">\n\t\t\t\t\t\t\t<div class=\"elementor-wrapper elementor-open-inline\">\n\t\t\t<div class=\"elementor-video\"><\/div>\t\t<\/div>\n\t\t\t\t\t\t<\/div>\n\t\t\t\t<\/div>\n\t\t\t\t\t<\/div>\n\t\t<\/div>\n\t\t\t\t\t<\/div>\n\t\t<\/section>\n\t\t\t\t<section class=\"elementor-section elementor-top-section elementor-element elementor-element-834515b elementor-section-boxed elementor-section-height-default elementor-section-height-default wd-section-disabled\" data-id=\"834515b\" data-element_type=\"section\">\n\t\t\t\t\t\t<div class=\"elementor-container elementor-column-gap-default\">\n\t\t\t\t\t<div class=\"elementor-column elementor-col-100 elementor-top-column elementor-element elementor-element-9b0347e\" data-id=\"9b0347e\" data-element_type=\"column\">\n\t\t\t<div class=\"elementor-widget-wrap elementor-element-populated\">\n\t\t\t\t\t\t<div class=\"elementor-element elementor-element-16a4138 elementor-widget elementor-widget-wd_table\" data-id=\"16a4138\" data-element_type=\"widget\" data-widget_type=\"wd_table.default\">\n\t\t\t\t<div class=\"elementor-widget-container\">\n\t\t\t\t\t\t\t<div class=\"wd-el-table-wrap wd-reset-all-last\">\n\t\t\t<table class=\"wd-el-table\">\n\t\t\t\t\t\t\t\t\t<thead class=\"text-right\">\n\t\t\t\t\t\t\t\t\t\t\t\t\t\t\t\t\t\t\t\t\t\t\t\t\t\t\t\t\t\t<tr class=\"wd-table-row elementor-repeater-item-d6e7c1e\">\n\t\t\t\t\t\t\t\t\t\t\t\t\t\t\t\t\t\t\t\t\t\t\t\t\t\t\t<\/tr>\n\t\t\t\t\t<\/thead>\n\t\t\t\t\n\t\t\t\t<tbody class=\"text-left\">\n\t\t\t\t\t\t\t\t\t\t\t\t\t\t\t\t\t\t\t\t\t\t\t\t\t\t<tr class=\"wd-table-row elementor-repeater-item-bf2587d\">\n\t\t\t\t\t\t\t\t\t\t\t\t\t\t\t\t\t\t\t\t\t\t\t\t\t\t\t\t\t\t\t<td class=\"wd-table-cell elementor-repeater-item-fd7bbf9\" colspan=\"1\" rowspan=\"1\">\n\t\t\t\t\t\t\t<p>Intervalo de tiempo<\/p>\t\t\t\t\t\t\t<\/td>\n\t\t\t\t\t\t\t\t\t\t\t\t\t\t\t\t\t\t\t\t\t\t\t\t<td class=\"wd-table-cell elementor-repeater-item-6c172a5\" colspan=\"1\" rowspan=\"1\">\n\t\t\t\t\t\t\t<p>1~59 seconds<\/p>\t\t\t\t\t\t\t<\/td>\n\t\t\t\t\t\t\t\t\t\t\t\t\t\t\t\t\t\t\t\t\t\t\t\t\t\t\t\t\t\t\t\t<\/tr>\n\t\t\t\t\t\t\t\t<tr class=\"wd-table-row elementor-repeater-item-331b975\">\n\t\t\t\t\t\t\t\t\t\t\t\t\t\t\t\t\t\t\t\t\t\t\t\t\t\t\t\t\t\t\t<td class=\"wd-table-cell elementor-repeater-item-414eba6\" colspan=\"1\" rowspan=\"1\">\n\t\t\t\t\t\t\t<p>Modo de mezcla<\/p>\t\t\t\t\t\t\t<\/td>\n\t\t\t\t\t\t\t\t\t\t\t\t\t\t\t\t\t\t\t\t\t\t\t\t<td class=\"wd-table-cell elementor-repeater-item-e3314b2\" colspan=\"1\" rowspan=\"1\">\n\t\t\t\t\t\t\t<p>2<\/p>\t\t\t\t\t\t\t<\/td>\n\t\t\t\t\t\t\t\t\t\t\t\t\t\t\t\t\t\t\t\t\t\t\t\t\t\t\t\t\t\t\t\t<\/tr>\n\t\t\t\t\t\t\t\t<tr class=\"wd-table-row elementor-repeater-item-5144382\">\n\t\t\t\t\t\t\t\t\t\t\t\t\t\t\t\t\t\t\t\t\t\t\t\t\t\t\t\t\t\t\t<td class=\"wd-table-cell elementor-repeater-item-3ee0236\" colspan=\"1\" rowspan=\"1\">\n\t\t\t\t\t\t\t<p>Velocidad<\/p>\t\t\t\t\t\t\t<\/td>\n\t\t\t\t\t\t\t\t\t\t\t\t\t\t\t\t\t\t\t\t\t\t\t\t<td class=\"wd-table-cell elementor-repeater-item-8da7330\" colspan=\"1\" rowspan=\"1\">\n\t\t\t\t\t\t\t<p>4,800 rpm<\/p>\t\t\t\t\t\t\t<\/td>\n\t\t\t\t\t\t\t\t\t\t\t\t\t\t\t\t\t\t\t\t\t\t\t\t\t\t\t\t\t\t\t\t<\/tr>\n\t\t\t\t\t\t\t\t<tr class=\"wd-table-row elementor-repeater-item-6e85425\">\n\t\t\t\t\t\t\t\t\t\t\t\t\t\t\t\t\t\t\t\t\t\t\t\t\t\t\t\t\t\t\t<td class=\"wd-table-cell elementor-repeater-item-18b0279\" colspan=\"1\" rowspan=\"1\">\n\t\t\t\t\t\t\t<p>Dimensiones<\/p>\t\t\t\t\t\t\t<\/td>\n\t\t\t\t\t\t\t\t\t\t\t\t\t\t\t\t\t\t\t\t\t\t\t\t<td class=\"wd-table-cell elementor-repeater-item-81023de\" colspan=\"1\" rowspan=\"1\">\n\t\t\t\t\t\t\t<p>222(L) x 100(W) x 93(H) mm<\/p>\t\t\t\t\t\t\t<\/td>\n\t\t\t\t\t\t\t\t\t\t\t\t\t\t\t\t\t\t\t\t\t\t\t\t\t\t\t\t\t\t\t\t<\/tr>\n\t\t\t\t\t\t\t\t<tr class=\"wd-table-row elementor-repeater-item-feeb1b3\">\n\t\t\t\t\t\t\t\t\t\t\t\t\t\t\t\t\t\t\t\t\t\t\t\t\t\t\t\t\t\t\t<td class=\"wd-table-cell elementor-repeater-item-de00046\" colspan=\"1\" rowspan=\"1\">\n\t\t\t\t\t\t\t<p>Peso<\/p>\t\t\t\t\t\t\t<\/td>\n\t\t\t\t\t\t\t\t\t\t\t\t\t\t\t\t\t\t\t\t\t\t\t\t<td class=\"wd-table-cell elementor-repeater-item-ecd82c8\" colspan=\"1\" rowspan=\"1\">\n\t\t\t\t\t\t\t<p>1.0 kg (battery included)<\/p>\t\t\t\t\t\t\t<\/td>\n\t\t\t\t\t\t\t\t\t\t\t\t\t\t\t\t\t\t\t\t\t\t\t\t\t\t\t\t\t\t\t\t<\/tr>\n\t\t\t\t\t\t\t\t<tr class=\"wd-table-row elementor-repeater-item-db51186\">\n\t\t\t\t\t\t\t\t\t\t\t\t\t\t\t\t\t\t\t\t\t\t\t\t\t\t\t\t\t\t\t<td class=\"wd-table-cell elementor-repeater-item-e8a0a19\" colspan=\"1\" rowspan=\"1\">\n\t\t\t\t\t\t\t<p>Entrada de alimentaci\u00f3n<\/p>\t\t\t\t\t\t\t<\/td>\n\t\t\t\t\t\t\t\t\t\t\t\t\t\t\t\t\t\t\t\t\t\t\t\t<td class=\"wd-table-cell elementor-repeater-item-54ca30c\" colspan=\"1\" rowspan=\"1\">\n\t\t\t\t\t\t\t<p>AC 100~240V, 50\/60 Hz<\/p>\t\t\t\t\t\t\t<\/td>\n\t\t\t\t\t\t\t\t\t\t\t\t\t\t\t\t\t\t\t\t\t\t\t\t\t\t\t\t\t\t\t\t<\/tr>\n\t\t\t\t\t\t\t\t<tr class=\"wd-table-row elementor-repeater-item-898cff2\">\n\t\t\t\t\t\t\t\t\t\t\t\t\t\t\t\t\t\t\t\t\t\t\t\t\t\t\t\t\t\t\t<td class=\"wd-table-cell elementor-repeater-item-b8bbb8e\" colspan=\"1\" rowspan=\"1\">\n\t\t\t\t\t\t\t<p>Salida de alimentaci\u00f3n<\/p>\t\t\t\t\t\t\t<\/td>\n\t\t\t\t\t\t\t\t\t\t\t\t\t\t\t\t\t\t\t\t\t\t\t\t<td class=\"wd-table-cell elementor-repeater-item-030a98f\" colspan=\"1\" rowspan=\"1\">\n\t\t\t\t\t\t\t<p>DC 12V---2A<\/p>\t\t\t\t\t\t\t<\/td>\n\t\t\t\t\t\t\t\t\t\t\t\t\t\t\t\t\t\t\t\t\t\t\t\t\t\t\t\t\t\t\t\t<\/tr>\n\t\t\t\t\t\t\t\t<tr class=\"wd-table-row elementor-repeater-item-c8a75ce\">\n\t\t\t\t\t\t\t\t\t\t\t\t\t\t\t\t\t\t\t\t\t\t\t\t\t\t\t\t\t\t\t<td class=\"wd-table-cell elementor-repeater-item-b68046d\" colspan=\"1\" rowspan=\"1\">\n\t\t\t\t\t\t\t<p>Battery<\/p>\t\t\t\t\t\t\t<\/td>\n\t\t\t\t\t\t\t\t\t\t\t\t\t\t\t\t\t\t\t\t\t\t\t\t<td class=\"wd-table-cell elementor-repeater-item-3c81d51\" colspan=\"1\" rowspan=\"1\">\n\t\t\t\t\t\t\t<p>Li-Ion Battery<\/p>\t\t\t\t\t\t\t<\/td>\n\t\t\t\t\t\t\t\t\t\t\t\t\t\t\t\t<\/tr>\n\t\t\t\t<\/tbody>\n\t\t\t<\/table>\n\t\t<\/div>\n\t\t\t\t\t\t<\/div>\n\t\t\t\t<\/div>\n\t\t\t\t\t<\/div>\n\t\t<\/div>\n\t\t\t\t\t<\/div>\n\t\t<\/section>\n\t\t\t\t<section class=\"elementor-section elementor-top-section elementor-element elementor-element-b4b5e4a elementor-section-boxed elementor-section-height-default elementor-section-height-default wd-section-disabled\" data-id=\"b4b5e4a\" data-element_type=\"section\">\n\t\t\t\t\t\t<div class=\"elementor-container elementor-column-gap-default\">\n\t\t\t\t\t<div class=\"elementor-column elementor-col-100 elementor-top-column elementor-element elementor-element-da889b2\" data-id=\"da889b2\" data-element_type=\"column\">\n\t\t\t<div class=\"elementor-widget-wrap elementor-element-populated\">\n\t\t\t\t\t\t<div class=\"elementor-element elementor-element-60f33a1 elementor-widget elementor-widget-wd_images_gallery\" data-id=\"60f33a1\" data-element_type=\"widget\" data-widget_type=\"wd_images_gallery.default\">\n\t\t\t\t<div class=\"elementor-widget-container\">\n\t\t\t\t\t\t\t<div class=\"wd-images-gallery wd-justify-center wd-items-middle view-grid photoswipe-images\" >\n\t\t\t<div class=\"gallery-images row wd-spacing-0\">\n\t\t\t\t\t\t\t\t\t\t\t\t\t\t<div class=\"wd-gallery-item  col-lg-6 col-md-6 col-12\">\n\t\t\t\t\t\t\t\t\t\t\t\t\t<a  href=\"https:\/\/www.monitex.com.tw\/wp-content\/uploads\/2023\/10\/2023.02-mini-a.max-04.jpg\"data-width=\"954\" data-height=\"427\" data-index=\"1\" data-elementor-open-lightbox=\"no\">\n\t\t\t\t\t\t\n\t\t\t\t\t\t<img decoding=\"async\" src=\"https:\/\/www.monitex.com.tw\/wp-content\/uploads\/2023\/10\/2023.02-mini-a.max-04-400x179.jpg\"alt=\"2023.02 mini a.max-04\">\n\t\t\t\t\t\t\t\t\t\t\t\t\t<\/a>\n\t\t\t\t\t\t\t\t\t\t\t<\/div>\n\t\t\t\t\t\t\t\t<\/div>\n\t\t<\/div>\n\t\t\t\t\t\t<\/div>\n\t\t\t\t<\/div>\n\t\t\t\t\t<\/div>\n\t\t<\/div>\n\t\t\t\t\t<\/div>\n\t\t<\/section>\n\t\t\t\t<\/div>","protected":false},"excerpt":{"rendered":"<p>a.max mini es una herramienta esencial para mezclar todo tipo de materiales dentales, incluidos los ion\u00f3meros de vidrio.<\/p>\n<p>Este mezclador de c\u00e1psulas de alta velocidad tiene dos configuraciones programables para los tiempos de uso com\u00fan seg\u00fan las preferencias del usuario.<\/p>\n<p>De tama\u00f1o peque\u00f1o (aproximadamente la mitad de dimensi\u00f3n en comparaci\u00f3n con a.max) y utilizando mecanismos patentados, a.max mini es seguro, f\u00e1cil de colocar y libre de vibraciones.<\/p>","protected":false},"featured_media":18458,"template":"","meta":[],"product_cat":[76],"product_tag":[],"class_list":{"0":"post-17081","1":"product","2":"type-product","3":"status-publish","4":"has-post-thumbnail","6":"product_cat-capsule-mixer","8":"first","9":"instock","10":"shipping-taxable","11":"product-type-simple"},"_links":{"self":[{"href":"https:\/\/www.monitex.com.tw\/es\/wp-json\/wp\/v2\/product\/17081","targetHints":{"allow":["GET"]}}],"collection":[{"href":"https:\/\/www.monitex.com.tw\/es\/wp-json\/wp\/v2\/product"}],"about":[{"href":"https:\/\/www.monitex.com.tw\/es\/wp-json\/wp\/v2\/types\/product"}],"version-history":[{"count":0,"href":"https:\/\/www.monitex.com.tw\/es\/wp-json\/wp\/v2\/product\/17081\/revisions"}],"wp:featuredmedia":[{"embeddable":true,"href":"https:\/\/www.monitex.com.tw\/es\/wp-json\/wp\/v2\/media\/18458"}],"wp:attachment":[{"href":"https:\/\/www.monitex.com.tw\/es\/wp-json\/wp\/v2\/media?parent=17081"}],"wp:term":[{"taxonomy":"product_cat","embeddable":true,"href":"https:\/\/www.monitex.com.tw\/es\/wp-json\/wp\/v2\/product_cat?post=17081"},{"taxonomy":"product_tag","embeddable":true,"href":"https:\/\/www.monitex.com.tw\/es\/wp-json\/wp\/v2\/product_tag?post=17081"}],"curies":[{"name":"wp","href":"https:\/\/api.w.org\/{rel}","templated":true}]}}